{"id":43348,"date":"2026-02-12T20:58:17","date_gmt":"2026-02-12T19:58:17","guid":{"rendered":"https:\/\/silviafernandez.com\/?post_type=product&#038;p=43348"},"modified":"2026-02-19T12:36:34","modified_gmt":"2026-02-19T11:36:34","slug":"mia-2","status":"publish","type":"product","link":"https:\/\/silviafernandez.com\/fr\/monica-cruz-x-silvia-fernandez\/mia-2\/","title":{"rendered":"MIA"},"content":{"rendered":"","protected":false},"excerpt":{"rendered":"<p><strong>Mia<\/strong> es un vestido en crepe con una silueta muy actual. El cuerpo efecto solapa, trabajado en asimetr\u00eda, cruza el torso con una l\u00ednea marcada y contempor\u00e1nea. La falda l\u00e1piz prolonga la figura y refuerza la verticalidad del dise\u00f1o, dando como resultado una pieza sobria, moderna y muy definida.<\/p>","protected":false},"featured_media":43525,"template":"","meta":[],"product_brand":[],"product_cat":[1677],"product_tag":[],"class_list":{"0":"post-43348","1":"product","2":"type-product","3":"status-publish","4":"has-post-thumbnail","6":"product_cat-monica-cruz-x-silvia-fernandez","8":"first","9":"instock","10":"taxable","11":"shipping-taxable","12":"product-type-variable"},"_links":{"self":[{"href":"https:\/\/silviafernandez.com\/fr\/wp-json\/wp\/v2\/product\/43348","targetHints":{"allow":["GET"]}}],"collection":[{"href":"https:\/\/silviafernandez.com\/fr\/wp-json\/wp\/v2\/product"}],"about":[{"href":"https:\/\/silviafernandez.com\/fr\/wp-json\/wp\/v2\/types\/product"}],"wp:featuredmedia":[{"embeddable":true,"href":"https:\/\/silviafernandez.com\/fr\/wp-json\/wp\/v2\/media\/43525"}],"wp:attachment":[{"href":"https:\/\/silviafernandez.com\/fr\/wp-json\/wp\/v2\/media?parent=43348"}],"wp:term":[{"taxonomy":"product_brand","embeddable":true,"href":"https:\/\/silviafernandez.com\/fr\/wp-json\/wp\/v2\/product_brand?post=43348"},{"taxonomy":"product_cat","embeddable":true,"href":"https:\/\/silviafernandez.com\/fr\/wp-json\/wp\/v2\/product_cat?post=43348"},{"taxonomy":"product_tag","embeddable":true,"href":"https:\/\/silviafernandez.com\/fr\/wp-json\/wp\/v2\/product_tag?post=43348"}],"curies":[{"name":"wp","href":"https:\/\/api.w.org\/{rel}","templated":true}]}}