{"id":41986,"date":"2026-02-26T20:55:06","date_gmt":"2026-02-26T19:55:06","guid":{"rendered":"https:\/\/silviafernandez.com\/?post_type=product&#038;p=41986"},"modified":"2026-02-26T20:55:07","modified_gmt":"2026-02-26T19:55:07","slug":"louro","status":"publish","type":"product","link":"https:\/\/silviafernandez.com\/fr\/camelia\/louro\/","title":{"rendered":"LOURO"},"content":{"rendered":"","protected":false},"excerpt":{"rendered":"<p>Este mono de invitada en crepe apuesta por una silueta limpia y mucho movimiento en los detalles. El escote palabra de honor deja el foco en la estructura del cuerpo, mientras el pantal\u00f3n de pierna ancha cae recto y estiliza con un acabado muy pulido.<\/p>\n<p>La nota protagonista llega con los manguitos de tafeta: fruncidos, con volumen y ca\u00eddas largas que acompa\u00f1an cada paso y convierten el conjunto en un look de fiesta con car\u00e1cter, moderno y diferente.<\/p>","protected":false},"featured_media":42005,"template":"","meta":[],"product_brand":[],"product_cat":[810],"product_tag":[],"class_list":{"0":"post-41986","1":"product","2":"type-product","3":"status-publish","4":"has-post-thumbnail","6":"product_cat-camelia","8":"first","9":"instock","10":"taxable","11":"shipping-taxable","12":"purchasable","13":"product-type-variable"},"_links":{"self":[{"href":"https:\/\/silviafernandez.com\/fr\/wp-json\/wp\/v2\/product\/41986","targetHints":{"allow":["GET"]}}],"collection":[{"href":"https:\/\/silviafernandez.com\/fr\/wp-json\/wp\/v2\/product"}],"about":[{"href":"https:\/\/silviafernandez.com\/fr\/wp-json\/wp\/v2\/types\/product"}],"wp:featuredmedia":[{"embeddable":true,"href":"https:\/\/silviafernandez.com\/fr\/wp-json\/wp\/v2\/media\/42005"}],"wp:attachment":[{"href":"https:\/\/silviafernandez.com\/fr\/wp-json\/wp\/v2\/media?parent=41986"}],"wp:term":[{"taxonomy":"product_brand","embeddable":true,"href":"https:\/\/silviafernandez.com\/fr\/wp-json\/wp\/v2\/product_brand?post=41986"},{"taxonomy":"product_cat","embeddable":true,"href":"https:\/\/silviafernandez.com\/fr\/wp-json\/wp\/v2\/product_cat?post=41986"},{"taxonomy":"product_tag","embeddable":true,"href":"https:\/\/silviafernandez.com\/fr\/wp-json\/wp\/v2\/product_tag?post=41986"}],"curies":[{"name":"wp","href":"https:\/\/api.w.org\/{rel}","templated":true}]}}