{"id":41947,"date":"2026-02-26T20:55:07","date_gmt":"2026-02-26T19:55:07","guid":{"rendered":"https:\/\/silviafernandez.com\/?post_type=product&#038;p=41947"},"modified":"2026-02-26T20:55:07","modified_gmt":"2026-02-26T19:55:07","slug":"lanzada","status":"publish","type":"product","link":"https:\/\/silviafernandez.com\/fr\/camelia\/lanzada\/","title":{"rendered":"LANZADA"},"content":{"rendered":"","protected":false},"excerpt":{"rendered":"<p>Un vestido de invitada que no necesita m\u00e1s para destacar. En crepe y de l\u00ednea larga, apuesta por un cuerpo asim\u00e9trico con una sola manga y un volante maxi que enmarca el hombro y cae en cascada, aportando volumen y un efecto s\u00faper actual.<\/p>\n<p>La abertura en la falda rompe la silueta y suma movimiento, manteniendo el conjunto limpio y con mucha presencia. Un vestido de fiesta moderno, con car\u00e1cter y muy favorecedor.<\/p>","protected":false},"featured_media":41966,"template":"","meta":[],"product_brand":[],"product_cat":[810],"product_tag":[],"class_list":{"0":"post-41947","1":"product","2":"type-product","3":"status-publish","4":"has-post-thumbnail","6":"product_cat-camelia","8":"first","9":"instock","10":"taxable","11":"shipping-taxable","12":"purchasable","13":"product-type-variable"},"_links":{"self":[{"href":"https:\/\/silviafernandez.com\/fr\/wp-json\/wp\/v2\/product\/41947","targetHints":{"allow":["GET"]}}],"collection":[{"href":"https:\/\/silviafernandez.com\/fr\/wp-json\/wp\/v2\/product"}],"about":[{"href":"https:\/\/silviafernandez.com\/fr\/wp-json\/wp\/v2\/types\/product"}],"wp:featuredmedia":[{"embeddable":true,"href":"https:\/\/silviafernandez.com\/fr\/wp-json\/wp\/v2\/media\/41966"}],"wp:attachment":[{"href":"https:\/\/silviafernandez.com\/fr\/wp-json\/wp\/v2\/media?parent=41947"}],"wp:term":[{"taxonomy":"product_brand","embeddable":true,"href":"https:\/\/silviafernandez.com\/fr\/wp-json\/wp\/v2\/product_brand?post=41947"},{"taxonomy":"product_cat","embeddable":true,"href":"https:\/\/silviafernandez.com\/fr\/wp-json\/wp\/v2\/product_cat?post=41947"},{"taxonomy":"product_tag","embeddable":true,"href":"https:\/\/silviafernandez.com\/fr\/wp-json\/wp\/v2\/product_tag?post=41947"}],"curies":[{"name":"wp","href":"https:\/\/api.w.org\/{rel}","templated":true}]}}