{"id":41324,"date":"2026-02-26T20:55:09","date_gmt":"2026-02-26T19:55:09","guid":{"rendered":"https:\/\/silviafernandez.com\/?post_type=product&#038;p=41324"},"modified":"2026-02-26T20:55:09","modified_gmt":"2026-02-26T19:55:09","slug":"chazo","status":"publish","type":"product","link":"https:\/\/silviafernandez.com\/fr\/camelia\/chazo\/","title":{"rendered":"CHAZO"},"content":{"rendered":"","protected":false},"excerpt":{"rendered":"<p>L\u00edneas limpias, estructura y un detalle que marca la diferencia. Este vestido de invitada palabra de honor en mikado dibuja una silueta elegante y muy definida, con un acabado pulido que se nota en cada costura.<\/p>\n<p>La protagonista es la sobrecola de mikado, que aporta volumen y movimiento sin romper la est\u00e9tica minimal. Los bolsillos a\u00f1aden un punto actual y pr\u00e1ctico, convirti\u00e9ndolo en un vestido de fiesta con presencia, pensado para bodas y eventos.<\/p>","protected":false},"featured_media":41343,"template":"","meta":[],"product_brand":[],"product_cat":[810],"product_tag":[],"class_list":{"0":"post-41324","1":"product","2":"type-product","3":"status-publish","4":"has-post-thumbnail","6":"product_cat-camelia","8":"first","9":"instock","10":"taxable","11":"shipping-taxable","12":"purchasable","13":"product-type-variable"},"_links":{"self":[{"href":"https:\/\/silviafernandez.com\/fr\/wp-json\/wp\/v2\/product\/41324","targetHints":{"allow":["GET"]}}],"collection":[{"href":"https:\/\/silviafernandez.com\/fr\/wp-json\/wp\/v2\/product"}],"about":[{"href":"https:\/\/silviafernandez.com\/fr\/wp-json\/wp\/v2\/types\/product"}],"wp:featuredmedia":[{"embeddable":true,"href":"https:\/\/silviafernandez.com\/fr\/wp-json\/wp\/v2\/media\/41343"}],"wp:attachment":[{"href":"https:\/\/silviafernandez.com\/fr\/wp-json\/wp\/v2\/media?parent=41324"}],"wp:term":[{"taxonomy":"product_brand","embeddable":true,"href":"https:\/\/silviafernandez.com\/fr\/wp-json\/wp\/v2\/product_brand?post=41324"},{"taxonomy":"product_cat","embeddable":true,"href":"https:\/\/silviafernandez.com\/fr\/wp-json\/wp\/v2\/product_cat?post=41324"},{"taxonomy":"product_tag","embeddable":true,"href":"https:\/\/silviafernandez.com\/fr\/wp-json\/wp\/v2\/product_tag?post=41324"}],"curies":[{"name":"wp","href":"https:\/\/api.w.org\/{rel}","templated":true}]}}