{"id":41276,"date":"2026-02-26T20:55:09","date_gmt":"2026-02-26T19:55:09","guid":{"rendered":"https:\/\/silviafernandez.com\/?post_type=product&#038;p=41276"},"modified":"2026-02-26T20:55:09","modified_gmt":"2026-02-26T19:55:09","slug":"castros","status":"publish","type":"product","link":"https:\/\/silviafernandez.com\/fr\/camelia\/castros\/","title":{"rendered":"CASTROS"},"content":{"rendered":"","protected":false},"excerpt":{"rendered":"<p>Arquitectura y feminidad en un solo look. Este conjunto de invitada combina un cuerpo estructurado con escote bardot y manga ca\u00edda, creando una l\u00ednea limpia que enmarca los hombros con mucha fuerza visual. El detalle tipo peplum en la cintura aporta define la silueta con un acabado muy actual.<\/p>\n<p>La falda de mikado a\u00f1ade estructura y presencia. Una propuesta diferente para quien busca un vestido de invitada (en versi\u00f3n conjunto) con dise\u00f1o y personalidad.<\/p>","protected":false},"featured_media":41304,"template":"","meta":[],"product_brand":[],"product_cat":[810],"product_tag":[],"class_list":{"0":"post-41276","1":"product","2":"type-product","3":"status-publish","4":"has-post-thumbnail","6":"product_cat-camelia","8":"first","9":"instock","10":"taxable","11":"shipping-taxable","12":"purchasable","13":"product-type-variable"},"_links":{"self":[{"href":"https:\/\/silviafernandez.com\/fr\/wp-json\/wp\/v2\/product\/41276","targetHints":{"allow":["GET"]}}],"collection":[{"href":"https:\/\/silviafernandez.com\/fr\/wp-json\/wp\/v2\/product"}],"about":[{"href":"https:\/\/silviafernandez.com\/fr\/wp-json\/wp\/v2\/types\/product"}],"wp:featuredmedia":[{"embeddable":true,"href":"https:\/\/silviafernandez.com\/fr\/wp-json\/wp\/v2\/media\/41304"}],"wp:attachment":[{"href":"https:\/\/silviafernandez.com\/fr\/wp-json\/wp\/v2\/media?parent=41276"}],"wp:term":[{"taxonomy":"product_brand","embeddable":true,"href":"https:\/\/silviafernandez.com\/fr\/wp-json\/wp\/v2\/product_brand?post=41276"},{"taxonomy":"product_cat","embeddable":true,"href":"https:\/\/silviafernandez.com\/fr\/wp-json\/wp\/v2\/product_cat?post=41276"},{"taxonomy":"product_tag","embeddable":true,"href":"https:\/\/silviafernandez.com\/fr\/wp-json\/wp\/v2\/product_tag?post=41276"}],"curies":[{"name":"wp","href":"https:\/\/api.w.org\/{rel}","templated":true}]}}