{"id":40955,"date":"2026-02-26T20:55:11","date_gmt":"2026-02-26T19:55:11","guid":{"rendered":"https:\/\/silviafernandez.com\/?post_type=product&#038;p=40955"},"modified":"2026-02-26T20:55:11","modified_gmt":"2026-02-26T19:55:11","slug":"barra","status":"publish","type":"product","link":"https:\/\/silviafernandez.com\/fr\/camelia\/barra\/","title":{"rendered":"BARRA"},"content":{"rendered":"","protected":false},"excerpt":{"rendered":"<p>Un dise\u00f1o con car\u00e1cter. Este vestido asim\u00e9trico combina el brillo sofisticado de la paillette en el cuerpo con la ca\u00edda impecable del crepe en un panel frontal largo que estiliza y aporta movimiento. El contraste de texturas crea un efecto visual muy actual: mini ajustado y manga larga en paillette, equilibrados con el crepe que envuelve la silueta con una l\u00ednea elegante.<\/p>\n<p>El detalle asim\u00e9trico y la construcci\u00f3n delantera tipo \u201ccapa\u201d convierten el look en una elecci\u00f3n perfecta para invitadas que buscan un vestido diferente, con presencia, y f\u00e1cil de recordar.<\/p>","protected":false},"featured_media":40974,"template":"","meta":[],"product_brand":[],"product_cat":[810],"product_tag":[],"class_list":{"0":"post-40955","1":"product","2":"type-product","3":"status-publish","4":"has-post-thumbnail","6":"product_cat-camelia","8":"first","9":"instock","10":"taxable","11":"shipping-taxable","12":"purchasable","13":"product-type-variable"},"_links":{"self":[{"href":"https:\/\/silviafernandez.com\/fr\/wp-json\/wp\/v2\/product\/40955","targetHints":{"allow":["GET"]}}],"collection":[{"href":"https:\/\/silviafernandez.com\/fr\/wp-json\/wp\/v2\/product"}],"about":[{"href":"https:\/\/silviafernandez.com\/fr\/wp-json\/wp\/v2\/types\/product"}],"wp:featuredmedia":[{"embeddable":true,"href":"https:\/\/silviafernandez.com\/fr\/wp-json\/wp\/v2\/media\/40974"}],"wp:attachment":[{"href":"https:\/\/silviafernandez.com\/fr\/wp-json\/wp\/v2\/media?parent=40955"}],"wp:term":[{"taxonomy":"product_brand","embeddable":true,"href":"https:\/\/silviafernandez.com\/fr\/wp-json\/wp\/v2\/product_brand?post=40955"},{"taxonomy":"product_cat","embeddable":true,"href":"https:\/\/silviafernandez.com\/fr\/wp-json\/wp\/v2\/product_cat?post=40955"},{"taxonomy":"product_tag","embeddable":true,"href":"https:\/\/silviafernandez.com\/fr\/wp-json\/wp\/v2\/product_tag?post=40955"}],"curies":[{"name":"wp","href":"https:\/\/api.w.org\/{rel}","templated":true}]}}