{"id":40228,"date":"2025-12-03T11:45:42","date_gmt":"2025-12-03T10:45:42","guid":{"rendered":"https:\/\/silviafernandez.com\/?post_type=product&#038;p=40228"},"modified":"2025-12-03T12:13:20","modified_gmt":"2025-12-03T11:13:20","slug":"nuria","status":"publish","type":"product","link":"https:\/\/silviafernandez.com\/fr\/vestidos-de-fiesta\/lazos-fiesta\/nuria\/","title":{"rendered":"NURIA"},"content":{"rendered":"","protected":false},"excerpt":{"rendered":"<p>Nuria combina sensualidad y elegancia en un dise\u00f1o drapeado que realza la silueta femenina. Confeccionado en tejido de punto el\u00e1stico, se ajusta perfectamente al cuerpo, aportando comodidad y sofisticaci\u00f3n. Su escote bardot con hombros descubiertos y la ca\u00edda fluida de la falda crean un efecto envolvente y muy favorecedor. Una apuesta segura para quienes buscan un vestido de invitada elegante y moderno, con un toque de glamour y movimiento que no pasa desapercibido.<\/p>","protected":false},"featured_media":40247,"template":"","meta":[],"product_brand":[],"product_cat":[1586,139],"product_tag":[],"class_list":{"0":"post-40228","1":"product","2":"type-product","3":"status-publish","4":"has-post-thumbnail","6":"product_cat-lazos-fiesta","7":"product_cat-vestidos-de-fiesta","9":"first","10":"instock","11":"taxable","12":"shipping-taxable","13":"purchasable","14":"product-type-variable"},"_links":{"self":[{"href":"https:\/\/silviafernandez.com\/fr\/wp-json\/wp\/v2\/product\/40228","targetHints":{"allow":["GET"]}}],"collection":[{"href":"https:\/\/silviafernandez.com\/fr\/wp-json\/wp\/v2\/product"}],"about":[{"href":"https:\/\/silviafernandez.com\/fr\/wp-json\/wp\/v2\/types\/product"}],"wp:featuredmedia":[{"embeddable":true,"href":"https:\/\/silviafernandez.com\/fr\/wp-json\/wp\/v2\/media\/40247"}],"wp:attachment":[{"href":"https:\/\/silviafernandez.com\/fr\/wp-json\/wp\/v2\/media?parent=40228"}],"wp:term":[{"taxonomy":"product_brand","embeddable":true,"href":"https:\/\/silviafernandez.com\/fr\/wp-json\/wp\/v2\/product_brand?post=40228"},{"taxonomy":"product_cat","embeddable":true,"href":"https:\/\/silviafernandez.com\/fr\/wp-json\/wp\/v2\/product_cat?post=40228"},{"taxonomy":"product_tag","embeddable":true,"href":"https:\/\/silviafernandez.com\/fr\/wp-json\/wp\/v2\/product_tag?post=40228"}],"curies":[{"name":"wp","href":"https:\/\/api.w.org\/{rel}","templated":true}]}}