{"id":39499,"date":"2025-12-03T11:45:32","date_gmt":"2025-12-03T10:45:32","guid":{"rendered":"https:\/\/silviafernandez.com\/?post_type=product&#038;p=39499"},"modified":"2025-12-03T12:23:41","modified_gmt":"2025-12-03T11:23:41","slug":"nerja","status":"publish","type":"product","link":"https:\/\/silviafernandez.com\/fr\/vestidos-de-fiesta\/lazos-fiesta\/nerja\/","title":{"rendered":"NERJA"},"content":{"rendered":"","protected":false},"excerpt":{"rendered":"<p>El vestido Nerja es una propuesta sofisticada que une lo cl\u00e1sico y lo contempor\u00e1neo. Su cuerpo camisero en tafeta aporta estructura y elegancia, mientras que la falda entallada de pedrer\u00eda con flecos introduce textura, brillo y movimiento, creando un contraste armonioso y muy favorecedor. El resultado es un dise\u00f1o que realza la silueta con naturalidad y estilo. Este vestido de invitada est\u00e1 pensado para mujeres que buscan una opci\u00f3n elegante y original, con una combinaci\u00f3n \u00fanica de tejidos y detalles que no pasan desapercibidos.<\/p>","protected":false},"featured_media":39519,"template":"","meta":[],"product_brand":[],"product_cat":[1586,139],"product_tag":[],"class_list":{"0":"post-39499","1":"product","2":"type-product","3":"status-publish","4":"has-post-thumbnail","6":"product_cat-lazos-fiesta","7":"product_cat-vestidos-de-fiesta","9":"first","10":"instock","11":"taxable","12":"shipping-taxable","13":"purchasable","14":"product-type-variable"},"_links":{"self":[{"href":"https:\/\/silviafernandez.com\/fr\/wp-json\/wp\/v2\/product\/39499","targetHints":{"allow":["GET"]}}],"collection":[{"href":"https:\/\/silviafernandez.com\/fr\/wp-json\/wp\/v2\/product"}],"about":[{"href":"https:\/\/silviafernandez.com\/fr\/wp-json\/wp\/v2\/types\/product"}],"wp:featuredmedia":[{"embeddable":true,"href":"https:\/\/silviafernandez.com\/fr\/wp-json\/wp\/v2\/media\/39519"}],"wp:attachment":[{"href":"https:\/\/silviafernandez.com\/fr\/wp-json\/wp\/v2\/media?parent=39499"}],"wp:term":[{"taxonomy":"product_brand","embeddable":true,"href":"https:\/\/silviafernandez.com\/fr\/wp-json\/wp\/v2\/product_brand?post=39499"},{"taxonomy":"product_cat","embeddable":true,"href":"https:\/\/silviafernandez.com\/fr\/wp-json\/wp\/v2\/product_cat?post=39499"},{"taxonomy":"product_tag","embeddable":true,"href":"https:\/\/silviafernandez.com\/fr\/wp-json\/wp\/v2\/product_tag?post=39499"}],"curies":[{"name":"wp","href":"https:\/\/api.w.org\/{rel}","templated":true}]}}