{"id":37774,"date":"2025-12-03T11:45:33","date_gmt":"2025-12-03T10:45:33","guid":{"rendered":"https:\/\/silviafernandez.com\/?post_type=product&#038;p=37774"},"modified":"2026-01-14T15:40:33","modified_gmt":"2026-01-14T14:40:33","slug":"nacar","status":"publish","type":"product","link":"https:\/\/silviafernandez.com\/fr\/vestidos-de-fiesta\/lazos-fiesta\/nacar\/","title":{"rendered":"NACAR"},"content":{"rendered":"","protected":false},"excerpt":{"rendered":"<p>El vestido Nacar es una declaraci\u00f3n de estilo y elegancia. Confeccionado en crepe, y silueta entallada, este dise\u00f1o deslumbra por su espectacular escote adornado con volantes en tafeta que enmarcan el rostro y los hombros con car\u00e1cter. Los botones joya en la espalda a\u00f1aden un toque sofisticado y femenino. Este vestido est\u00e1 pensado para mujeres que buscan un look impactante con acabados de alta costura. Su color vibrante y estructura impecable lo convierten en una elecci\u00f3n ideal entre los vestidos rojos de fiesta m\u00e1s exclusivos de la temporada.<\/p>","protected":false},"featured_media":37822,"template":"","meta":[],"product_brand":[],"product_cat":[1586,139],"product_tag":[],"class_list":{"0":"post-37774","1":"product","2":"type-product","3":"status-publish","4":"has-post-thumbnail","6":"product_cat-lazos-fiesta","7":"product_cat-vestidos-de-fiesta","9":"first","10":"instock","11":"taxable","12":"shipping-taxable","13":"purchasable","14":"product-type-variable"},"_links":{"self":[{"href":"https:\/\/silviafernandez.com\/fr\/wp-json\/wp\/v2\/product\/37774","targetHints":{"allow":["GET"]}}],"collection":[{"href":"https:\/\/silviafernandez.com\/fr\/wp-json\/wp\/v2\/product"}],"about":[{"href":"https:\/\/silviafernandez.com\/fr\/wp-json\/wp\/v2\/types\/product"}],"wp:featuredmedia":[{"embeddable":true,"href":"https:\/\/silviafernandez.com\/fr\/wp-json\/wp\/v2\/media\/37822"}],"wp:attachment":[{"href":"https:\/\/silviafernandez.com\/fr\/wp-json\/wp\/v2\/media?parent=37774"}],"wp:term":[{"taxonomy":"product_brand","embeddable":true,"href":"https:\/\/silviafernandez.com\/fr\/wp-json\/wp\/v2\/product_brand?post=37774"},{"taxonomy":"product_cat","embeddable":true,"href":"https:\/\/silviafernandez.com\/fr\/wp-json\/wp\/v2\/product_cat?post=37774"},{"taxonomy":"product_tag","embeddable":true,"href":"https:\/\/silviafernandez.com\/fr\/wp-json\/wp\/v2\/product_tag?post=37774"}],"curies":[{"name":"wp","href":"https:\/\/api.w.org\/{rel}","templated":true}]}}