{"id":36738,"date":"2025-09-01T12:00:28","date_gmt":"2025-09-01T10:00:28","guid":{"rendered":"https:\/\/silviafernandez.com\/sin%20categor\u00eda\/cordoba\/"},"modified":"2025-12-03T12:23:44","modified_gmt":"2025-12-03T11:23:44","slug":"cordoba","status":"publish","type":"product","link":"https:\/\/silviafernandez.com\/fr\/vestidos-de-novia\/lazos\/cordoba\/","title":{"rendered":"Cordoba"},"content":{"rendered":"","protected":false},"excerpt":{"rendered":"<p>Vestido de novia con cuerpo drapeado, confeccionado en tul, que moldea la silueta con elegancia gracias a su escote coraz\u00f3n. La cintura, perfectamente marcada con un faj\u00edn, da paso a una espectacular falda de plumas que aportan movimiento y textura. Un dise\u00f1o de alta costura que fusiona la delicadeza del tul con la fuerza visual que aportan las plumas.<\/p>","protected":false},"featured_media":36971,"template":"","meta":[],"product_brand":[],"product_cat":[1478,20],"product_tag":[1515],"class_list":{"0":"post-36738","1":"product","2":"type-product","3":"status-publish","4":"has-post-thumbnail","6":"product_cat-lazos","7":"product_cat-vestidos-de-novia","8":"product_tag-2025newdes","10":"first","11":"instock","12":"taxable","13":"shipping-taxable","14":"product-type-simple"},"_links":{"self":[{"href":"https:\/\/silviafernandez.com\/fr\/wp-json\/wp\/v2\/product\/36738","targetHints":{"allow":["GET"]}}],"collection":[{"href":"https:\/\/silviafernandez.com\/fr\/wp-json\/wp\/v2\/product"}],"about":[{"href":"https:\/\/silviafernandez.com\/fr\/wp-json\/wp\/v2\/types\/product"}],"wp:featuredmedia":[{"embeddable":true,"href":"https:\/\/silviafernandez.com\/fr\/wp-json\/wp\/v2\/media\/36971"}],"wp:attachment":[{"href":"https:\/\/silviafernandez.com\/fr\/wp-json\/wp\/v2\/media?parent=36738"}],"wp:term":[{"taxonomy":"product_brand","embeddable":true,"href":"https:\/\/silviafernandez.com\/fr\/wp-json\/wp\/v2\/product_brand?post=36738"},{"taxonomy":"product_cat","embeddable":true,"href":"https:\/\/silviafernandez.com\/fr\/wp-json\/wp\/v2\/product_cat?post=36738"},{"taxonomy":"product_tag","embeddable":true,"href":"https:\/\/silviafernandez.com\/fr\/wp-json\/wp\/v2\/product_tag?post=36738"}],"curies":[{"name":"wp","href":"https:\/\/api.w.org\/{rel}","templated":true}]}}