{"id":36715,"date":"2025-09-01T12:00:26","date_gmt":"2025-09-01T10:00:26","guid":{"rendered":"https:\/\/silviafernandez.com\/sin%20categor\u00eda\/corintia\/"},"modified":"2025-12-03T12:23:46","modified_gmt":"2025-12-03T11:23:46","slug":"corintia","status":"publish","type":"product","link":"https:\/\/silviafernandez.com\/fr\/vestidos-de-novia\/lazos\/corintia\/","title":{"rendered":"Corintia"},"content":{"rendered":"","protected":false},"excerpt":{"rendered":"<p>Vestido de novia confeccionado en crepe con escote V delantero, cuya espalda sorprende por su dise\u00f1o trabajado de manera artesanal, donde la delicada onda de guipour queda perfectamente integrada en el tul bordado, dejando ver la piel. Las mangas francesas con pu\u00f1os transparentes y la cintura enmarcada por la onda vaciada, hacen de este dise\u00f1o la elecci\u00f3n perfecta para novias con un estilo sofisticado. Desde la cintura sale una espectacular sobrecola en crepe, decorada por el guipour vaciado, tanto en el centro como en el contorno del dise\u00f1o.<\/p>","protected":false},"featured_media":36975,"template":"","meta":[],"product_brand":[],"product_cat":[1478,20],"product_tag":[1515],"class_list":{"0":"post-36715","1":"product","2":"type-product","3":"status-publish","4":"has-post-thumbnail","6":"product_cat-lazos","7":"product_cat-vestidos-de-novia","8":"product_tag-2025newdes","10":"first","11":"instock","12":"taxable","13":"shipping-taxable","14":"product-type-simple"},"_links":{"self":[{"href":"https:\/\/silviafernandez.com\/fr\/wp-json\/wp\/v2\/product\/36715","targetHints":{"allow":["GET"]}}],"collection":[{"href":"https:\/\/silviafernandez.com\/fr\/wp-json\/wp\/v2\/product"}],"about":[{"href":"https:\/\/silviafernandez.com\/fr\/wp-json\/wp\/v2\/types\/product"}],"wp:featuredmedia":[{"embeddable":true,"href":"https:\/\/silviafernandez.com\/fr\/wp-json\/wp\/v2\/media\/36975"}],"wp:attachment":[{"href":"https:\/\/silviafernandez.com\/fr\/wp-json\/wp\/v2\/media?parent=36715"}],"wp:term":[{"taxonomy":"product_brand","embeddable":true,"href":"https:\/\/silviafernandez.com\/fr\/wp-json\/wp\/v2\/product_brand?post=36715"},{"taxonomy":"product_cat","embeddable":true,"href":"https:\/\/silviafernandez.com\/fr\/wp-json\/wp\/v2\/product_cat?post=36715"},{"taxonomy":"product_tag","embeddable":true,"href":"https:\/\/silviafernandez.com\/fr\/wp-json\/wp\/v2\/product_tag?post=36715"}],"curies":[{"name":"wp","href":"https:\/\/api.w.org\/{rel}","templated":true}]}}