{"id":36695,"date":"2025-09-01T12:00:22","date_gmt":"2025-09-01T10:00:22","guid":{"rendered":"https:\/\/silviafernandez.com\/sin%20categor\u00eda\/calma\/"},"modified":"2025-12-03T12:23:48","modified_gmt":"2025-12-03T11:23:48","slug":"calma","status":"publish","type":"product","link":"https:\/\/silviafernandez.com\/fr\/vestidos-de-novia\/lazos\/calma\/","title":{"rendered":"Calma"},"content":{"rendered":"","protected":false},"excerpt":{"rendered":"<p>Vestido de novia confeccionado en crepe, con escote en la espalda en V, tanto sus mangas como su cintura est\u00e1n decoradas con ondas de guipour trabajadas de manera artesanal con un elegante vaciado. El look se completa con una sobrecola, trabajada con la misma t\u00e9cnica, aportando detalles que dibuja un patr\u00f3n \u00fanico a lo largo de la cola.<\/p>","protected":false},"featured_media":36800,"template":"","meta":[],"product_brand":[],"product_cat":[1478,20],"product_tag":[1515],"class_list":{"0":"post-36695","1":"product","2":"type-product","3":"status-publish","4":"has-post-thumbnail","6":"product_cat-lazos","7":"product_cat-vestidos-de-novia","8":"product_tag-2025newdes","10":"first","11":"instock","12":"taxable","13":"shipping-taxable","14":"product-type-simple"},"_links":{"self":[{"href":"https:\/\/silviafernandez.com\/fr\/wp-json\/wp\/v2\/product\/36695","targetHints":{"allow":["GET"]}}],"collection":[{"href":"https:\/\/silviafernandez.com\/fr\/wp-json\/wp\/v2\/product"}],"about":[{"href":"https:\/\/silviafernandez.com\/fr\/wp-json\/wp\/v2\/types\/product"}],"wp:featuredmedia":[{"embeddable":true,"href":"https:\/\/silviafernandez.com\/fr\/wp-json\/wp\/v2\/media\/36800"}],"wp:attachment":[{"href":"https:\/\/silviafernandez.com\/fr\/wp-json\/wp\/v2\/media?parent=36695"}],"wp:term":[{"taxonomy":"product_brand","embeddable":true,"href":"https:\/\/silviafernandez.com\/fr\/wp-json\/wp\/v2\/product_brand?post=36695"},{"taxonomy":"product_cat","embeddable":true,"href":"https:\/\/silviafernandez.com\/fr\/wp-json\/wp\/v2\/product_cat?post=36695"},{"taxonomy":"product_tag","embeddable":true,"href":"https:\/\/silviafernandez.com\/fr\/wp-json\/wp\/v2\/product_tag?post=36695"}],"curies":[{"name":"wp","href":"https:\/\/api.w.org\/{rel}","templated":true}]}}