{"id":35512,"date":"2025-04-03T16:00:02","date_gmt":"2025-04-03T14:00:02","guid":{"rendered":"https:\/\/silviafernandez.com\/?post_type=product&#038;p=35512"},"modified":"2025-12-03T12:23:51","modified_gmt":"2025-12-03T11:23:51","slug":"carina","status":"publish","type":"product","link":"https:\/\/silviafernandez.com\/fr\/vestidos-de-novia\/lazos\/carina\/","title":{"rendered":"Carina"},"content":{"rendered":"","protected":false},"excerpt":{"rendered":"<p>Vestido de novia de l\u00edneas suaves y rom\u00e1nticas que combina diferentes texturas con gran equilibrio. Confeccionado en crepe fino, destaca por la incorporaci\u00f3n de un bolero drapeado en tul plumeti con mangas largas y espalda cerrada, que permite transformar el look y a\u00f1adir un toque m\u00e1s delicado.<\/p>\n<p>La falda, protagonizada por un corte limpio y ca\u00edda fluida, se realza con una espectacular sobrecola desmontable de tul plumeti con bordado a mano, que aporta volumen y protagonismo al caminar. Cada detalle, desde los pu\u00f1os forrados hasta los acabados interiores, ha sido cuidadosamente trabajado para aportar personalidad.<\/p>","protected":false},"featured_media":35664,"template":"","meta":[],"product_brand":[],"product_cat":[1478,20],"product_tag":[1515],"class_list":{"0":"post-35512","1":"product","2":"type-product","3":"status-publish","4":"has-post-thumbnail","6":"product_cat-lazos","7":"product_cat-vestidos-de-novia","8":"product_tag-2025newdes","10":"first","11":"instock","12":"taxable","13":"shipping-taxable","14":"product-type-simple"},"_links":{"self":[{"href":"https:\/\/silviafernandez.com\/fr\/wp-json\/wp\/v2\/product\/35512","targetHints":{"allow":["GET"]}}],"collection":[{"href":"https:\/\/silviafernandez.com\/fr\/wp-json\/wp\/v2\/product"}],"about":[{"href":"https:\/\/silviafernandez.com\/fr\/wp-json\/wp\/v2\/types\/product"}],"wp:featuredmedia":[{"embeddable":true,"href":"https:\/\/silviafernandez.com\/fr\/wp-json\/wp\/v2\/media\/35664"}],"wp:attachment":[{"href":"https:\/\/silviafernandez.com\/fr\/wp-json\/wp\/v2\/media?parent=35512"}],"wp:term":[{"taxonomy":"product_brand","embeddable":true,"href":"https:\/\/silviafernandez.com\/fr\/wp-json\/wp\/v2\/product_brand?post=35512"},{"taxonomy":"product_cat","embeddable":true,"href":"https:\/\/silviafernandez.com\/fr\/wp-json\/wp\/v2\/product_cat?post=35512"},{"taxonomy":"product_tag","embeddable":true,"href":"https:\/\/silviafernandez.com\/fr\/wp-json\/wp\/v2\/product_tag?post=35512"}],"curies":[{"name":"wp","href":"https:\/\/api.w.org\/{rel}","templated":true}]}}