{"id":35509,"date":"2025-04-03T18:00:23","date_gmt":"2025-04-03T16:00:23","guid":{"rendered":"https:\/\/silviafernandez.com\/?post_type=product&#038;p=35509"},"modified":"2025-12-03T12:23:51","modified_gmt":"2025-12-03T11:23:51","slug":"california","status":"publish","type":"product","link":"https:\/\/silviafernandez.com\/fr\/vestidos-de-novia\/lazos\/california\/","title":{"rendered":"California"},"content":{"rendered":"","protected":false},"excerpt":{"rendered":"<p>Vestido de novia que estiliza la figura y aporta el equilibrio perfecto entre sensualidad y sofisticaci\u00f3n. Destaca por su escote cuadrado que aporta una elegancia contempor\u00e1nea, mientras que el faj\u00edn drapeado en gasa de la cintura realza la silueta de forma sutil.<\/p>\n<p>La espalda se convierte en la gran protagonista con el detalle de flor artesanal, elaborada a mano p\u00e9talo a p\u00e9talo, aporta un aire rom\u00e1ntico y \u00fanico. La falda, se distingue por una delicada abertura delantera, que culmina en una cola con movimiento y ca\u00edda espectacular. Ideal para novias modernas que no renuncian al dise\u00f1o m\u00e1s ic\u00f3nico y femenino.<\/p>","protected":false},"featured_media":35623,"template":"","meta":[],"product_brand":[],"product_cat":[1478,20],"product_tag":[1515],"class_list":{"0":"post-35509","1":"product","2":"type-product","3":"status-publish","4":"has-post-thumbnail","6":"product_cat-lazos","7":"product_cat-vestidos-de-novia","8":"product_tag-2025newdes","10":"first","11":"instock","12":"taxable","13":"shipping-taxable","14":"product-type-simple"},"_links":{"self":[{"href":"https:\/\/silviafernandez.com\/fr\/wp-json\/wp\/v2\/product\/35509","targetHints":{"allow":["GET"]}}],"collection":[{"href":"https:\/\/silviafernandez.com\/fr\/wp-json\/wp\/v2\/product"}],"about":[{"href":"https:\/\/silviafernandez.com\/fr\/wp-json\/wp\/v2\/types\/product"}],"wp:featuredmedia":[{"embeddable":true,"href":"https:\/\/silviafernandez.com\/fr\/wp-json\/wp\/v2\/media\/35623"}],"wp:attachment":[{"href":"https:\/\/silviafernandez.com\/fr\/wp-json\/wp\/v2\/media?parent=35509"}],"wp:term":[{"taxonomy":"product_brand","embeddable":true,"href":"https:\/\/silviafernandez.com\/fr\/wp-json\/wp\/v2\/product_brand?post=35509"},{"taxonomy":"product_cat","embeddable":true,"href":"https:\/\/silviafernandez.com\/fr\/wp-json\/wp\/v2\/product_cat?post=35509"},{"taxonomy":"product_tag","embeddable":true,"href":"https:\/\/silviafernandez.com\/fr\/wp-json\/wp\/v2\/product_tag?post=35509"}],"curies":[{"name":"wp","href":"https:\/\/api.w.org\/{rel}","templated":true}]}}