{"id":35486,"date":"2025-04-03T18:00:25","date_gmt":"2025-04-03T16:00:25","guid":{"rendered":"https:\/\/silviafernandez.com\/?post_type=product&#038;p=35486"},"modified":"2025-12-03T12:23:50","modified_gmt":"2025-12-03T11:23:50","slug":"camino","status":"publish","type":"product","link":"https:\/\/silviafernandez.com\/fr\/vestidos-de-novia\/lazos\/camino\/","title":{"rendered":"Camino"},"content":{"rendered":"","protected":false},"excerpt":{"rendered":"<p>Vestido de novia que combina delicadeza y estructura en un dise\u00f1o cuidado por su confecci\u00f3n y riqueza en detalles. Con cuerpo en crepe fino y tul flocado, su escote en forma de coraz\u00f3n se enmarca con mangas largas transparentes que aportan volumen.<\/p>\n<p>Las mangas abullonadas de tul flocado acaban con un pu\u00f1o bordado.<span class=\"Apple-converted-space\">\u00a0<\/span>La gran protagonista del vestido es la espalda abierta, trabajada en tul flocado con detalles bordados que recorren el centro y los contornos.<\/p>","protected":false},"featured_media":35612,"template":"","meta":[],"product_brand":[],"product_cat":[1478,20],"product_tag":[1515],"class_list":{"0":"post-35486","1":"product","2":"type-product","3":"status-publish","4":"has-post-thumbnail","6":"product_cat-lazos","7":"product_cat-vestidos-de-novia","8":"product_tag-2025newdes","10":"first","11":"instock","12":"taxable","13":"shipping-taxable","14":"product-type-simple"},"_links":{"self":[{"href":"https:\/\/silviafernandez.com\/fr\/wp-json\/wp\/v2\/product\/35486","targetHints":{"allow":["GET"]}}],"collection":[{"href":"https:\/\/silviafernandez.com\/fr\/wp-json\/wp\/v2\/product"}],"about":[{"href":"https:\/\/silviafernandez.com\/fr\/wp-json\/wp\/v2\/types\/product"}],"wp:featuredmedia":[{"embeddable":true,"href":"https:\/\/silviafernandez.com\/fr\/wp-json\/wp\/v2\/media\/35612"}],"wp:attachment":[{"href":"https:\/\/silviafernandez.com\/fr\/wp-json\/wp\/v2\/media?parent=35486"}],"wp:term":[{"taxonomy":"product_brand","embeddable":true,"href":"https:\/\/silviafernandez.com\/fr\/wp-json\/wp\/v2\/product_brand?post=35486"},{"taxonomy":"product_cat","embeddable":true,"href":"https:\/\/silviafernandez.com\/fr\/wp-json\/wp\/v2\/product_cat?post=35486"},{"taxonomy":"product_tag","embeddable":true,"href":"https:\/\/silviafernandez.com\/fr\/wp-json\/wp\/v2\/product_tag?post=35486"}],"curies":[{"name":"wp","href":"https:\/\/api.w.org\/{rel}","templated":true}]}}