{"id":34818,"date":"2025-02-06T08:45:51","date_gmt":"2025-02-06T07:45:51","guid":{"rendered":"https:\/\/silviafernandez.com\/sin%20categor\u00eda\/ximena\/"},"modified":"2025-12-03T12:23:52","modified_gmt":"2025-12-03T11:23:52","slug":"ximena","status":"publish","type":"product","link":"https:\/\/silviafernandez.com\/fr\/camelia\/ximena\/","title":{"rendered":"XIMENA"},"content":{"rendered":"","protected":false},"excerpt":{"rendered":"<p>Vestido midi en crepe, entallado, con un escote bardot que deja los hombros al descubierto. Sus mangas francesas aportan un toque elegante. Destaca su falda en tafeta que se abre en forma de globo, a\u00f1adiendo volumen y sofisticaci\u00f3n al dise\u00f1o.<\/p>","protected":false},"featured_media":35173,"template":"","meta":[],"product_brand":[],"product_cat":[810],"product_tag":[],"class_list":{"0":"post-34818","1":"product","2":"type-product","3":"status-publish","4":"has-post-thumbnail","6":"product_cat-camelia","8":"first","9":"instock","10":"taxable","11":"shipping-taxable","12":"purchasable","13":"product-type-variable"},"_links":{"self":[{"href":"https:\/\/silviafernandez.com\/fr\/wp-json\/wp\/v2\/product\/34818","targetHints":{"allow":["GET"]}}],"collection":[{"href":"https:\/\/silviafernandez.com\/fr\/wp-json\/wp\/v2\/product"}],"about":[{"href":"https:\/\/silviafernandez.com\/fr\/wp-json\/wp\/v2\/types\/product"}],"wp:featuredmedia":[{"embeddable":true,"href":"https:\/\/silviafernandez.com\/fr\/wp-json\/wp\/v2\/media\/35173"}],"wp:attachment":[{"href":"https:\/\/silviafernandez.com\/fr\/wp-json\/wp\/v2\/media?parent=34818"}],"wp:term":[{"taxonomy":"product_brand","embeddable":true,"href":"https:\/\/silviafernandez.com\/fr\/wp-json\/wp\/v2\/product_brand?post=34818"},{"taxonomy":"product_cat","embeddable":true,"href":"https:\/\/silviafernandez.com\/fr\/wp-json\/wp\/v2\/product_cat?post=34818"},{"taxonomy":"product_tag","embeddable":true,"href":"https:\/\/silviafernandez.com\/fr\/wp-json\/wp\/v2\/product_tag?post=34818"}],"curies":[{"name":"wp","href":"https:\/\/api.w.org\/{rel}","templated":true}]}}