{"id":34813,"date":"2025-02-06T08:45:47","date_gmt":"2025-02-06T07:45:47","guid":{"rendered":"https:\/\/silviafernandez.com\/sin%20categor\u00eda\/clodia\/"},"modified":"2025-12-03T12:23:52","modified_gmt":"2025-12-03T11:23:52","slug":"clodia","status":"publish","type":"product","link":"https:\/\/silviafernandez.com\/fr\/camelia\/clodia\/","title":{"rendered":"CLODIA"},"content":{"rendered":"","protected":false},"excerpt":{"rendered":"<p>Vestido largo y ce\u00f1ido en crepe, con un escote asim\u00e9trico que resalta la silueta y adornado con delicados p\u00e9talos tanto en el escote delantero como trasero, aportando un toque de elegancia al dise\u00f1o.<\/p>","protected":false},"featured_media":35259,"template":"","meta":[],"product_brand":[],"product_cat":[810],"product_tag":[],"class_list":{"0":"post-34813","1":"product","2":"type-product","3":"status-publish","4":"has-post-thumbnail","6":"product_cat-camelia","8":"first","9":"instock","10":"taxable","11":"shipping-taxable","12":"purchasable","13":"product-type-variable"},"_links":{"self":[{"href":"https:\/\/silviafernandez.com\/fr\/wp-json\/wp\/v2\/product\/34813","targetHints":{"allow":["GET"]}}],"collection":[{"href":"https:\/\/silviafernandez.com\/fr\/wp-json\/wp\/v2\/product"}],"about":[{"href":"https:\/\/silviafernandez.com\/fr\/wp-json\/wp\/v2\/types\/product"}],"wp:featuredmedia":[{"embeddable":true,"href":"https:\/\/silviafernandez.com\/fr\/wp-json\/wp\/v2\/media\/35259"}],"wp:attachment":[{"href":"https:\/\/silviafernandez.com\/fr\/wp-json\/wp\/v2\/media?parent=34813"}],"wp:term":[{"taxonomy":"product_brand","embeddable":true,"href":"https:\/\/silviafernandez.com\/fr\/wp-json\/wp\/v2\/product_brand?post=34813"},{"taxonomy":"product_cat","embeddable":true,"href":"https:\/\/silviafernandez.com\/fr\/wp-json\/wp\/v2\/product_cat?post=34813"},{"taxonomy":"product_tag","embeddable":true,"href":"https:\/\/silviafernandez.com\/fr\/wp-json\/wp\/v2\/product_tag?post=34813"}],"curies":[{"name":"wp","href":"https:\/\/api.w.org\/{rel}","templated":true}]}}