{"id":34468,"date":"2025-02-05T18:00:08","date_gmt":"2025-02-05T17:00:08","guid":{"rendered":"https:\/\/silviafernandez.com\/?post_type=product&#038;p=34468"},"modified":"2025-12-03T12:23:53","modified_gmt":"2025-12-03T11:23:53","slug":"naty-14","status":"publish","type":"product","link":"https:\/\/silviafernandez.com\/fr\/camelia\/naty-14\/","title":{"rendered":"EREA"},"content":{"rendered":"","protected":false},"excerpt":{"rendered":"<p>Vestido largo y ce\u00f1ido en crepe, con un elegante z\u00f3calo de georgette en la falda que aporta fluidez y sofisticaci\u00f3n. Presenta un escote halter con lazada que cae de forma suave.<\/p>","protected":false},"featured_media":34999,"template":"","meta":[],"product_brand":[],"product_cat":[810],"product_tag":[],"class_list":{"0":"post-34468","1":"product","2":"type-product","3":"status-publish","4":"has-post-thumbnail","6":"product_cat-camelia","8":"first","9":"instock","10":"taxable","11":"shipping-taxable","12":"purchasable","13":"product-type-variable"},"_links":{"self":[{"href":"https:\/\/silviafernandez.com\/fr\/wp-json\/wp\/v2\/product\/34468","targetHints":{"allow":["GET"]}}],"collection":[{"href":"https:\/\/silviafernandez.com\/fr\/wp-json\/wp\/v2\/product"}],"about":[{"href":"https:\/\/silviafernandez.com\/fr\/wp-json\/wp\/v2\/types\/product"}],"wp:featuredmedia":[{"embeddable":true,"href":"https:\/\/silviafernandez.com\/fr\/wp-json\/wp\/v2\/media\/34999"}],"wp:attachment":[{"href":"https:\/\/silviafernandez.com\/fr\/wp-json\/wp\/v2\/media?parent=34468"}],"wp:term":[{"taxonomy":"product_brand","embeddable":true,"href":"https:\/\/silviafernandez.com\/fr\/wp-json\/wp\/v2\/product_brand?post=34468"},{"taxonomy":"product_cat","embeddable":true,"href":"https:\/\/silviafernandez.com\/fr\/wp-json\/wp\/v2\/product_cat?post=34468"},{"taxonomy":"product_tag","embeddable":true,"href":"https:\/\/silviafernandez.com\/fr\/wp-json\/wp\/v2\/product_tag?post=34468"}],"curies":[{"name":"wp","href":"https:\/\/api.w.org\/{rel}","templated":true}]}}