{"id":34437,"date":"2025-02-05T17:58:09","date_gmt":"2025-02-05T16:58:09","guid":{"rendered":"https:\/\/silviafernandez.com\/?post_type=product&#038;p=34437"},"modified":"2025-12-03T12:23:53","modified_gmt":"2025-12-03T11:23:53","slug":"naty-12","status":"publish","type":"product","link":"https:\/\/silviafernandez.com\/fr\/camelia\/naty-12\/","title":{"rendered":"ICIA"},"content":{"rendered":"","protected":false},"excerpt":{"rendered":"<p>Vestido largo de punto con ajuste perfecto al cuerpo. Las hombreras a\u00f1aden un toque de sofisticaci\u00f3n, mientras que el nudo drapeado de la cintura fluye suavemente, creando una ca\u00edda elegante.<\/p>","protected":false},"featured_media":34352,"template":"","meta":[],"product_brand":[],"product_cat":[810],"product_tag":[],"class_list":{"0":"post-34437","1":"product","2":"type-product","3":"status-publish","4":"has-post-thumbnail","6":"product_cat-camelia","8":"first","9":"instock","10":"taxable","11":"shipping-taxable","12":"purchasable","13":"product-type-variable"},"_links":{"self":[{"href":"https:\/\/silviafernandez.com\/fr\/wp-json\/wp\/v2\/product\/34437","targetHints":{"allow":["GET"]}}],"collection":[{"href":"https:\/\/silviafernandez.com\/fr\/wp-json\/wp\/v2\/product"}],"about":[{"href":"https:\/\/silviafernandez.com\/fr\/wp-json\/wp\/v2\/types\/product"}],"wp:featuredmedia":[{"embeddable":true,"href":"https:\/\/silviafernandez.com\/fr\/wp-json\/wp\/v2\/media\/34352"}],"wp:attachment":[{"href":"https:\/\/silviafernandez.com\/fr\/wp-json\/wp\/v2\/media?parent=34437"}],"wp:term":[{"taxonomy":"product_brand","embeddable":true,"href":"https:\/\/silviafernandez.com\/fr\/wp-json\/wp\/v2\/product_brand?post=34437"},{"taxonomy":"product_cat","embeddable":true,"href":"https:\/\/silviafernandez.com\/fr\/wp-json\/wp\/v2\/product_cat?post=34437"},{"taxonomy":"product_tag","embeddable":true,"href":"https:\/\/silviafernandez.com\/fr\/wp-json\/wp\/v2\/product_tag?post=34437"}],"curies":[{"name":"wp","href":"https:\/\/api.w.org\/{rel}","templated":true}]}}