{"id":31411,"date":"2024-12-10T12:00:43","date_gmt":"2024-12-10T11:00:43","guid":{"rendered":"https:\/\/silviafernandez.com\/?post_type=product&#038;p=31411"},"modified":"2025-12-03T12:52:41","modified_gmt":"2025-12-03T11:52:41","slug":"bonita","status":"publish","type":"product","link":"https:\/\/silviafernandez.com\/fr\/vestidos-de-fiesta\/musas-fiesta\/bonita\/","title":{"rendered":"BONITA"},"content":{"rendered":"","protected":false},"excerpt":{"rendered":"<p>Vestido corto minimalista en crepe con una espectacular falda llena de flores 3D que a\u00f1aden volumen y textura al dise\u00f1o. Su ajuste perfecto a la cintura realza la figura.<\/p>\n<div dir=\"ltr\">\n<div>\n<p>El escote delantero es sencillo y elegante, con un corte redondeado, mientras que, la espalda destaca por su escote en forma de l\u00e1grima que a\u00f1ade un toque de sensualidad al vestido. Este detalle se complementa perfectamente con la estructura delicada de la falda, cuya ca\u00edda y dise\u00f1o de flores crean un movimiento cautivador y atractivo. Este vestido te har\u00e1 brillar en cualquier ocasi\u00f3n.<\/p>\n<\/div>\n<\/div>","protected":false},"featured_media":31929,"template":"","meta":[],"product_brand":[],"product_cat":[1633,139],"product_tag":[],"class_list":{"0":"post-31411","1":"product","2":"type-product","3":"status-publish","4":"has-post-thumbnail","6":"product_cat-musas-fiesta","7":"product_cat-vestidos-de-fiesta","9":"first","10":"instock","11":"taxable","12":"shipping-taxable","13":"purchasable","14":"product-type-variable"},"_links":{"self":[{"href":"https:\/\/silviafernandez.com\/fr\/wp-json\/wp\/v2\/product\/31411","targetHints":{"allow":["GET"]}}],"collection":[{"href":"https:\/\/silviafernandez.com\/fr\/wp-json\/wp\/v2\/product"}],"about":[{"href":"https:\/\/silviafernandez.com\/fr\/wp-json\/wp\/v2\/types\/product"}],"wp:featuredmedia":[{"embeddable":true,"href":"https:\/\/silviafernandez.com\/fr\/wp-json\/wp\/v2\/media\/31929"}],"wp:attachment":[{"href":"https:\/\/silviafernandez.com\/fr\/wp-json\/wp\/v2\/media?parent=31411"}],"wp:term":[{"taxonomy":"product_brand","embeddable":true,"href":"https:\/\/silviafernandez.com\/fr\/wp-json\/wp\/v2\/product_brand?post=31411"},{"taxonomy":"product_cat","embeddable":true,"href":"https:\/\/silviafernandez.com\/fr\/wp-json\/wp\/v2\/product_cat?post=31411"},{"taxonomy":"product_tag","embeddable":true,"href":"https:\/\/silviafernandez.com\/fr\/wp-json\/wp\/v2\/product_tag?post=31411"}],"curies":[{"name":"wp","href":"https:\/\/api.w.org\/{rel}","templated":true}]}}