{"id":31406,"date":"2024-12-10T12:00:41","date_gmt":"2024-12-10T11:00:41","guid":{"rendered":"https:\/\/silviafernandez.com\/?post_type=product&#038;p=31406"},"modified":"2025-12-03T12:52:42","modified_gmt":"2025-12-03T11:52:42","slug":"bohemio","status":"publish","type":"product","link":"https:\/\/silviafernandez.com\/fr\/vestidos-de-fiesta\/musas-fiesta\/bohemio\/","title":{"rendered":"BOHEMIO"},"content":{"rendered":"","protected":false},"excerpt":{"rendered":"<p>Vestido midi en crepe con aplique en la cintura, dise\u00f1ado para realzar la elegancia de cada mujer. El escote delantero tipo barco aporta un aire refinado, dejando los hombros ligeramente descubiertos para un toque sutilmente rom\u00e1ntico. La espalda destaca por su escote en V complementando el dise\u00f1o con un acabado perfecto.<\/p>\n<div dir=\"ltr\">\n<div>\n<p>La cintura est\u00e1 adornada con un delicado aplique floral que estiliza la figura y las mangas abullonadas, en tendencia, a\u00f1aden un toque de volumen y lo convierten en una opci\u00f3n vers\u00e1til para m\u00faltiples ocasiones.<\/p>\n<\/div>\n<\/div>","protected":false},"featured_media":32019,"template":"","meta":[],"product_brand":[],"product_cat":[1633,139],"product_tag":[],"class_list":{"0":"post-31406","1":"product","2":"type-product","3":"status-publish","4":"has-post-thumbnail","6":"product_cat-musas-fiesta","7":"product_cat-vestidos-de-fiesta","9":"first","10":"instock","11":"taxable","12":"shipping-taxable","13":"purchasable","14":"product-type-variable"},"_links":{"self":[{"href":"https:\/\/silviafernandez.com\/fr\/wp-json\/wp\/v2\/product\/31406","targetHints":{"allow":["GET"]}}],"collection":[{"href":"https:\/\/silviafernandez.com\/fr\/wp-json\/wp\/v2\/product"}],"about":[{"href":"https:\/\/silviafernandez.com\/fr\/wp-json\/wp\/v2\/types\/product"}],"wp:featuredmedia":[{"embeddable":true,"href":"https:\/\/silviafernandez.com\/fr\/wp-json\/wp\/v2\/media\/32019"}],"wp:attachment":[{"href":"https:\/\/silviafernandez.com\/fr\/wp-json\/wp\/v2\/media?parent=31406"}],"wp:term":[{"taxonomy":"product_brand","embeddable":true,"href":"https:\/\/silviafernandez.com\/fr\/wp-json\/wp\/v2\/product_brand?post=31406"},{"taxonomy":"product_cat","embeddable":true,"href":"https:\/\/silviafernandez.com\/fr\/wp-json\/wp\/v2\/product_cat?post=31406"},{"taxonomy":"product_tag","embeddable":true,"href":"https:\/\/silviafernandez.com\/fr\/wp-json\/wp\/v2\/product_tag?post=31406"}],"curies":[{"name":"wp","href":"https:\/\/api.w.org\/{rel}","templated":true}]}}