{"id":31403,"date":"2024-12-10T12:00:40","date_gmt":"2024-12-10T11:00:40","guid":{"rendered":"https:\/\/silviafernandez.com\/?post_type=product&#038;p=31403"},"modified":"2025-12-03T12:52:43","modified_gmt":"2025-12-03T11:52:43","slug":"bitacora","status":"publish","type":"product","link":"https:\/\/silviafernandez.com\/fr\/vestidos-de-fiesta\/musas-fiesta\/bitacora\/","title":{"rendered":"BITACORA"},"content":{"rendered":"","protected":false},"excerpt":{"rendered":"<p>Vestido de mikado asim\u00e9trico bicolor, dise\u00f1ado para destacar en eventos exclusivos. El escote delantero en palabra de honor enmarca la parte superior con delicadeza y en la parte trasera, el dise\u00f1o cuenta con un maxi lazo. La combinaci\u00f3n bicolor a\u00f1ade profundidad y contraste al dise\u00f1o creando un look atrevido.<\/p>\n<div dir=\"ltr\">\n<div>\n<p>La estructura del mikado asegura una silueta definida y favorecedora, ideal para mujeres que buscan una pieza atemporal que rompa con lo convencional.<\/p>\n<\/div>\n<\/div>","protected":false},"featured_media":32058,"template":"","meta":[],"product_brand":[],"product_cat":[1633,139],"product_tag":[],"class_list":{"0":"post-31403","1":"product","2":"type-product","3":"status-publish","4":"has-post-thumbnail","6":"product_cat-musas-fiesta","7":"product_cat-vestidos-de-fiesta","9":"first","10":"instock","11":"taxable","12":"shipping-taxable","13":"purchasable","14":"product-type-variable"},"_links":{"self":[{"href":"https:\/\/silviafernandez.com\/fr\/wp-json\/wp\/v2\/product\/31403","targetHints":{"allow":["GET"]}}],"collection":[{"href":"https:\/\/silviafernandez.com\/fr\/wp-json\/wp\/v2\/product"}],"about":[{"href":"https:\/\/silviafernandez.com\/fr\/wp-json\/wp\/v2\/types\/product"}],"wp:featuredmedia":[{"embeddable":true,"href":"https:\/\/silviafernandez.com\/fr\/wp-json\/wp\/v2\/media\/32058"}],"wp:attachment":[{"href":"https:\/\/silviafernandez.com\/fr\/wp-json\/wp\/v2\/media?parent=31403"}],"wp:term":[{"taxonomy":"product_brand","embeddable":true,"href":"https:\/\/silviafernandez.com\/fr\/wp-json\/wp\/v2\/product_brand?post=31403"},{"taxonomy":"product_cat","embeddable":true,"href":"https:\/\/silviafernandez.com\/fr\/wp-json\/wp\/v2\/product_cat?post=31403"},{"taxonomy":"product_tag","embeddable":true,"href":"https:\/\/silviafernandez.com\/fr\/wp-json\/wp\/v2\/product_tag?post=31403"}],"curies":[{"name":"wp","href":"https:\/\/api.w.org\/{rel}","templated":true}]}}