{"id":31396,"date":"2024-12-10T12:00:37","date_gmt":"2024-12-10T11:00:37","guid":{"rendered":"https:\/\/silviafernandez.com\/?post_type=product&#038;p=31396"},"modified":"2025-12-03T12:56:11","modified_gmt":"2025-12-03T11:56:11","slug":"berlin","status":"publish","type":"product","link":"https:\/\/silviafernandez.com\/fr\/vestidos-de-fiesta\/musas-fiesta\/berlin\/","title":{"rendered":"BERLIN"},"content":{"rendered":"","protected":false},"excerpt":{"rendered":"<p>Vestido largo en crepe con escote palabra de honor que realza las curvas y crea una silueta sutil y sofisticada. El dise\u00f1o se complementa con un delicado bolero drapeado de gasa, que a\u00f1ade un toque rom\u00e1ntico al look, perfecto para deslumbrar en cualquier ocasi\u00f3n.<\/p>\n<div dir=\"ltr\">\n<div>\n<p>El bolero drapeado es un accesorio \u00fanico y gracias a su dinamismo y sus delicadas mangas abullonadas, aseguran un estilo elegante para un evento inolvidable.<\/p>\n<\/div>\n<\/div>","protected":false},"featured_media":32322,"template":"","meta":[],"product_brand":[],"product_cat":[1633,139],"product_tag":[],"class_list":{"0":"post-31396","1":"product","2":"type-product","3":"status-publish","4":"has-post-thumbnail","6":"product_cat-musas-fiesta","7":"product_cat-vestidos-de-fiesta","9":"first","10":"instock","11":"taxable","12":"shipping-taxable","13":"purchasable","14":"product-type-variable"},"_links":{"self":[{"href":"https:\/\/silviafernandez.com\/fr\/wp-json\/wp\/v2\/product\/31396","targetHints":{"allow":["GET"]}}],"collection":[{"href":"https:\/\/silviafernandez.com\/fr\/wp-json\/wp\/v2\/product"}],"about":[{"href":"https:\/\/silviafernandez.com\/fr\/wp-json\/wp\/v2\/types\/product"}],"wp:featuredmedia":[{"embeddable":true,"href":"https:\/\/silviafernandez.com\/fr\/wp-json\/wp\/v2\/media\/32322"}],"wp:attachment":[{"href":"https:\/\/silviafernandez.com\/fr\/wp-json\/wp\/v2\/media?parent=31396"}],"wp:term":[{"taxonomy":"product_brand","embeddable":true,"href":"https:\/\/silviafernandez.com\/fr\/wp-json\/wp\/v2\/product_brand?post=31396"},{"taxonomy":"product_cat","embeddable":true,"href":"https:\/\/silviafernandez.com\/fr\/wp-json\/wp\/v2\/product_cat?post=31396"},{"taxonomy":"product_tag","embeddable":true,"href":"https:\/\/silviafernandez.com\/fr\/wp-json\/wp\/v2\/product_tag?post=31396"}],"curies":[{"name":"wp","href":"https:\/\/api.w.org\/{rel}","templated":true}]}}