{"id":31395,"date":"2024-12-10T12:00:37","date_gmt":"2024-12-10T11:00:37","guid":{"rendered":"https:\/\/silviafernandez.com\/?post_type=product&#038;p=31395"},"modified":"2025-12-03T12:52:44","modified_gmt":"2025-12-03T11:52:44","slug":"berlanga","status":"publish","type":"product","link":"https:\/\/silviafernandez.com\/fr\/vestidos-de-fiesta\/musas-fiesta\/berlanga\/","title":{"rendered":"BERLANGA"},"content":{"rendered":"","protected":false},"excerpt":{"rendered":"<p>Vestido midi en crepe con drapeado de gasa en la espalda y capa fluida lazada al cuello. Este dise\u00f1o equilibra a la perfecci\u00f3n un corte cl\u00e1sico, con detalles modernos que lo hacen ideal para eventos especiales.<\/p>\n<div dir=\"ltr\">\n<div>\n<p>El tejido de crepe asegura un ajuste perfecto y c\u00f3modo, mientras que, la fluidez de la gasa crea un efecto visual impresionante al caminar. El vestido destaca por su estilo refinado, gracias al escote cuadrado y espalda geom\u00e9trica los cuales combinan con unas hombreras que dan lugar a las mangas francesas m\u00e1s rom\u00e1nticas.<\/p>\n<\/div>\n<\/div>","protected":false},"featured_media":32362,"template":"","meta":[],"product_brand":[],"product_cat":[1633,139],"product_tag":[],"class_list":{"0":"post-31395","1":"product","2":"type-product","3":"status-publish","4":"has-post-thumbnail","6":"product_cat-musas-fiesta","7":"product_cat-vestidos-de-fiesta","9":"first","10":"instock","11":"taxable","12":"shipping-taxable","13":"purchasable","14":"product-type-variable"},"_links":{"self":[{"href":"https:\/\/silviafernandez.com\/fr\/wp-json\/wp\/v2\/product\/31395","targetHints":{"allow":["GET"]}}],"collection":[{"href":"https:\/\/silviafernandez.com\/fr\/wp-json\/wp\/v2\/product"}],"about":[{"href":"https:\/\/silviafernandez.com\/fr\/wp-json\/wp\/v2\/types\/product"}],"wp:featuredmedia":[{"embeddable":true,"href":"https:\/\/silviafernandez.com\/fr\/wp-json\/wp\/v2\/media\/32362"}],"wp:attachment":[{"href":"https:\/\/silviafernandez.com\/fr\/wp-json\/wp\/v2\/media?parent=31395"}],"wp:term":[{"taxonomy":"product_brand","embeddable":true,"href":"https:\/\/silviafernandez.com\/fr\/wp-json\/wp\/v2\/product_brand?post=31395"},{"taxonomy":"product_cat","embeddable":true,"href":"https:\/\/silviafernandez.com\/fr\/wp-json\/wp\/v2\/product_cat?post=31395"},{"taxonomy":"product_tag","embeddable":true,"href":"https:\/\/silviafernandez.com\/fr\/wp-json\/wp\/v2\/product_tag?post=31395"}],"curies":[{"name":"wp","href":"https:\/\/api.w.org\/{rel}","templated":true}]}}