{"id":31387,"date":"2024-12-10T12:00:34","date_gmt":"2024-12-10T11:00:34","guid":{"rendered":"https:\/\/silviafernandez.com\/?post_type=product&#038;p=31387"},"modified":"2025-12-03T12:56:13","modified_gmt":"2025-12-03T11:56:13","slug":"bambu","status":"publish","type":"product","link":"https:\/\/silviafernandez.com\/fr\/vestidos-de-fiesta\/musas-fiesta\/bambu\/","title":{"rendered":"BAMBU"},"content":{"rendered":"","protected":false},"excerpt":{"rendered":"<p>Vestido de tafeta asim\u00e9trico conocido por su textura, destaca por ser un look impactante y atemporal que garantiza que ser\u00e1s el centro de todas las miradas. Su dise\u00f1o \u00fanico combina un escote redondo en la parte delantera con un atrevido escote l\u00e1grima en la espalda.<\/p>\n<div dir=\"ltr\">\n<div>\n<p>La falda asim\u00e9trica es la verdadera protagonista, m\u00e1s corta en la parte frontal en forma de globo para lucir tus zapatos favoritos y completa el conjunto con una cola larga aportando un toque atrevido.<\/p>\n<\/div>\n<\/div>","protected":false},"featured_media":32595,"template":"","meta":[],"product_brand":[],"product_cat":[1633,139],"product_tag":[],"class_list":{"0":"post-31387","1":"product","2":"type-product","3":"status-publish","4":"has-post-thumbnail","6":"product_cat-musas-fiesta","7":"product_cat-vestidos-de-fiesta","9":"first","10":"instock","11":"taxable","12":"shipping-taxable","13":"purchasable","14":"product-type-variable"},"_links":{"self":[{"href":"https:\/\/silviafernandez.com\/fr\/wp-json\/wp\/v2\/product\/31387","targetHints":{"allow":["GET"]}}],"collection":[{"href":"https:\/\/silviafernandez.com\/fr\/wp-json\/wp\/v2\/product"}],"about":[{"href":"https:\/\/silviafernandez.com\/fr\/wp-json\/wp\/v2\/types\/product"}],"wp:featuredmedia":[{"embeddable":true,"href":"https:\/\/silviafernandez.com\/fr\/wp-json\/wp\/v2\/media\/32595"}],"wp:attachment":[{"href":"https:\/\/silviafernandez.com\/fr\/wp-json\/wp\/v2\/media?parent=31387"}],"wp:term":[{"taxonomy":"product_brand","embeddable":true,"href":"https:\/\/silviafernandez.com\/fr\/wp-json\/wp\/v2\/product_brand?post=31387"},{"taxonomy":"product_cat","embeddable":true,"href":"https:\/\/silviafernandez.com\/fr\/wp-json\/wp\/v2\/product_cat?post=31387"},{"taxonomy":"product_tag","embeddable":true,"href":"https:\/\/silviafernandez.com\/fr\/wp-json\/wp\/v2\/product_tag?post=31387"}],"curies":[{"name":"wp","href":"https:\/\/api.w.org\/{rel}","templated":true}]}}