{"id":30647,"date":"2024-09-25T12:00:24","date_gmt":"2024-09-25T10:00:24","guid":{"rendered":"https:\/\/silviafernandez.com\/?post_type=product&#038;p=30647"},"modified":"2025-12-03T12:23:57","modified_gmt":"2025-12-03T11:23:57","slug":"artemisa","status":"publish","type":"product","link":"https:\/\/silviafernandez.com\/fr\/vestidos-de-novia\/musas\/artemisa\/","title":{"rendered":"Artemisa"},"content":{"rendered":"","protected":false},"excerpt":{"rendered":"<p>Robe en mousseline de soie con\u00e7ue avec un corsage drap\u00e9, une encolure licou, un dos ouvert et une jupe crayon termin\u00e9e par une fente dans le dos. Elle est orn\u00e9e d'une couche enveloppante de mousseline de soie, qui lui conf\u00e8re fluidit\u00e9 et mouvement. Le choix d'Irene Villa pour son grand jour.<\/p>","protected":false},"featured_media":30649,"template":"","meta":[],"product_brand":[],"product_cat":[866,20],"product_tag":[],"class_list":{"0":"post-30647","1":"product","2":"type-product","3":"status-publish","4":"has-post-thumbnail","6":"product_cat-musas","7":"product_cat-vestidos-de-novia","9":"first","10":"instock","11":"taxable","12":"shipping-taxable","13":"product-type-simple"},"_links":{"self":[{"href":"https:\/\/silviafernandez.com\/fr\/wp-json\/wp\/v2\/product\/30647","targetHints":{"allow":["GET"]}}],"collection":[{"href":"https:\/\/silviafernandez.com\/fr\/wp-json\/wp\/v2\/product"}],"about":[{"href":"https:\/\/silviafernandez.com\/fr\/wp-json\/wp\/v2\/types\/product"}],"wp:featuredmedia":[{"embeddable":true,"href":"https:\/\/silviafernandez.com\/fr\/wp-json\/wp\/v2\/media\/30649"}],"wp:attachment":[{"href":"https:\/\/silviafernandez.com\/fr\/wp-json\/wp\/v2\/media?parent=30647"}],"wp:term":[{"taxonomy":"product_brand","embeddable":true,"href":"https:\/\/silviafernandez.com\/fr\/wp-json\/wp\/v2\/product_brand?post=30647"},{"taxonomy":"product_cat","embeddable":true,"href":"https:\/\/silviafernandez.com\/fr\/wp-json\/wp\/v2\/product_cat?post=30647"},{"taxonomy":"product_tag","embeddable":true,"href":"https:\/\/silviafernandez.com\/fr\/wp-json\/wp\/v2\/product_tag?post=30647"}],"curies":[{"name":"wp","href":"https:\/\/api.w.org\/{rel}","templated":true}]}}