{"id":30307,"date":"2024-09-08T12:00:12","date_gmt":"2024-09-08T10:00:12","guid":{"rendered":"https:\/\/silviafernandez.com\/?post_type=product&#038;p=30307"},"modified":"2025-12-03T12:23:58","modified_gmt":"2025-12-03T11:23:58","slug":"alberta","status":"publish","type":"product","link":"https:\/\/silviafernandez.com\/fr\/vestidos-de-novia\/musas\/alberta\/","title":{"rendered":"Alberta"},"content":{"rendered":"","protected":false},"excerpt":{"rendered":"<p>Cette exquise robe de mari\u00e9e mikado est l'incarnation m\u00eame de la sophistication et du style. Elle pr\u00e9sente un corsage drap\u00e9 flatteur pour la silhouette et une encolure bardot romantique, parfaite pour souligner d\u00e9licatement les \u00e9paules. L'influenceuse Claudia Torregrosa l'a choisie pour son grand jour.<\/p>","protected":false},"featured_media":30309,"template":"","meta":[],"product_brand":[],"product_cat":[866,20],"product_tag":[],"class_list":{"0":"post-30307","1":"product","2":"type-product","3":"status-publish","4":"has-post-thumbnail","6":"product_cat-musas","7":"product_cat-vestidos-de-novia","9":"first","10":"instock","11":"taxable","12":"shipping-taxable","13":"product-type-simple"},"_links":{"self":[{"href":"https:\/\/silviafernandez.com\/fr\/wp-json\/wp\/v2\/product\/30307","targetHints":{"allow":["GET"]}}],"collection":[{"href":"https:\/\/silviafernandez.com\/fr\/wp-json\/wp\/v2\/product"}],"about":[{"href":"https:\/\/silviafernandez.com\/fr\/wp-json\/wp\/v2\/types\/product"}],"wp:featuredmedia":[{"embeddable":true,"href":"https:\/\/silviafernandez.com\/fr\/wp-json\/wp\/v2\/media\/30309"}],"wp:attachment":[{"href":"https:\/\/silviafernandez.com\/fr\/wp-json\/wp\/v2\/media?parent=30307"}],"wp:term":[{"taxonomy":"product_brand","embeddable":true,"href":"https:\/\/silviafernandez.com\/fr\/wp-json\/wp\/v2\/product_brand?post=30307"},{"taxonomy":"product_cat","embeddable":true,"href":"https:\/\/silviafernandez.com\/fr\/wp-json\/wp\/v2\/product_cat?post=30307"},{"taxonomy":"product_tag","embeddable":true,"href":"https:\/\/silviafernandez.com\/fr\/wp-json\/wp\/v2\/product_tag?post=30307"}],"curies":[{"name":"wp","href":"https:\/\/api.w.org\/{rel}","templated":true}]}}