{"id":30138,"date":"2024-09-02T20:00:20","date_gmt":"2024-09-02T18:00:20","guid":{"rendered":"https:\/\/silviafernandez.com\/?post_type=product&#038;p=30138"},"modified":"2025-12-03T12:23:58","modified_gmt":"2025-12-03T11:23:58","slug":"aurora","status":"publish","type":"product","link":"https:\/\/silviafernandez.com\/fr\/vestidos-de-novia\/musas\/aurora\/","title":{"rendered":"Aurora"},"content":{"rendered":"","protected":false},"excerpt":{"rendered":"<p>Aurora est une v\u00e9ritable \u0153uvre d'art en cr\u00eape, avec de superbes plumes aux poignets et un d\u00e9collet\u00e9 plongeant qui met en valeur la silhouette de fa\u00e7on sublime. Une robe de mari\u00e9e \u00e9l\u00e9gante et sophistiqu\u00e9e qui ne manquera pas de faire tourner les t\u00eates.<\/p>","protected":false},"featured_media":30293,"template":"","meta":[],"product_brand":[],"product_cat":[866,20],"product_tag":[],"class_list":{"0":"post-30138","1":"product","2":"type-product","3":"status-publish","4":"has-post-thumbnail","6":"product_cat-musas","7":"product_cat-vestidos-de-novia","9":"first","10":"instock","11":"taxable","12":"shipping-taxable","13":"product-type-simple"},"_links":{"self":[{"href":"https:\/\/silviafernandez.com\/fr\/wp-json\/wp\/v2\/product\/30138","targetHints":{"allow":["GET"]}}],"collection":[{"href":"https:\/\/silviafernandez.com\/fr\/wp-json\/wp\/v2\/product"}],"about":[{"href":"https:\/\/silviafernandez.com\/fr\/wp-json\/wp\/v2\/types\/product"}],"wp:featuredmedia":[{"embeddable":true,"href":"https:\/\/silviafernandez.com\/fr\/wp-json\/wp\/v2\/media\/30293"}],"wp:attachment":[{"href":"https:\/\/silviafernandez.com\/fr\/wp-json\/wp\/v2\/media?parent=30138"}],"wp:term":[{"taxonomy":"product_brand","embeddable":true,"href":"https:\/\/silviafernandez.com\/fr\/wp-json\/wp\/v2\/product_brand?post=30138"},{"taxonomy":"product_cat","embeddable":true,"href":"https:\/\/silviafernandez.com\/fr\/wp-json\/wp\/v2\/product_cat?post=30138"},{"taxonomy":"product_tag","embeddable":true,"href":"https:\/\/silviafernandez.com\/fr\/wp-json\/wp\/v2\/product_tag?post=30138"}],"curies":[{"name":"wp","href":"https:\/\/api.w.org\/{rel}","templated":true}]}}