{"id":30136,"date":"2024-09-02T20:00:19","date_gmt":"2024-09-02T18:00:19","guid":{"rendered":"https:\/\/silviafernandez.com\/?post_type=product&#038;p=30136"},"modified":"2025-12-03T12:23:58","modified_gmt":"2025-12-03T11:23:58","slug":"asturias","status":"publish","type":"product","link":"https:\/\/silviafernandez.com\/fr\/vestidos-de-novia\/musas\/asturias\/","title":{"rendered":"Asturias"},"content":{"rendered":"","protected":false},"excerpt":{"rendered":"<p>Asturias est r\u00e9alis\u00e9e en cr\u00eape et pr\u00e9sente un placement \u00e9l\u00e9gant, compl\u00e9t\u00e9 par une cape en mousseline de soie orn\u00e9e de guipure et de vagues. Une robe de mari\u00e9e sophistiqu\u00e9e et unique avec une touche de modernit\u00e9.<\/p>","protected":false},"featured_media":30288,"template":"","meta":[],"product_brand":[],"product_cat":[866,20],"product_tag":[],"class_list":{"0":"post-30136","1":"product","2":"type-product","3":"status-publish","4":"has-post-thumbnail","6":"product_cat-musas","7":"product_cat-vestidos-de-novia","9":"first","10":"instock","11":"taxable","12":"shipping-taxable","13":"product-type-simple"},"_links":{"self":[{"href":"https:\/\/silviafernandez.com\/fr\/wp-json\/wp\/v2\/product\/30136","targetHints":{"allow":["GET"]}}],"collection":[{"href":"https:\/\/silviafernandez.com\/fr\/wp-json\/wp\/v2\/product"}],"about":[{"href":"https:\/\/silviafernandez.com\/fr\/wp-json\/wp\/v2\/types\/product"}],"wp:featuredmedia":[{"embeddable":true,"href":"https:\/\/silviafernandez.com\/fr\/wp-json\/wp\/v2\/media\/30288"}],"wp:attachment":[{"href":"https:\/\/silviafernandez.com\/fr\/wp-json\/wp\/v2\/media?parent=30136"}],"wp:term":[{"taxonomy":"product_brand","embeddable":true,"href":"https:\/\/silviafernandez.com\/fr\/wp-json\/wp\/v2\/product_brand?post=30136"},{"taxonomy":"product_cat","embeddable":true,"href":"https:\/\/silviafernandez.com\/fr\/wp-json\/wp\/v2\/product_cat?post=30136"},{"taxonomy":"product_tag","embeddable":true,"href":"https:\/\/silviafernandez.com\/fr\/wp-json\/wp\/v2\/product_tag?post=30136"}],"curies":[{"name":"wp","href":"https:\/\/api.w.org\/{rel}","templated":true}]}}