{"id":30133,"date":"2024-09-02T20:00:18","date_gmt":"2024-09-02T18:00:18","guid":{"rendered":"https:\/\/silviafernandez.com\/?post_type=product&#038;p=30133"},"modified":"2025-12-03T12:23:58","modified_gmt":"2025-12-03T11:23:58","slug":"aroa","status":"publish","type":"product","link":"https:\/\/silviafernandez.com\/fr\/vestidos-de-novia\/musas\/aroa\/","title":{"rendered":"Aroa"},"content":{"rendered":"","protected":false},"excerpt":{"rendered":"<p>Robe de mari\u00e9e en cr\u00eape. Elle se distingue par son \u00e9l\u00e9gant manteau en mousseline de soie, un d\u00e9collet\u00e9 en V et une manche caract\u00e9ristique qui ajoutent une touche de sophistication. Un travail artisanal aux d\u00e9tails uniques et raffin\u00e9s.<\/p>","protected":false},"featured_media":30287,"template":"","meta":[],"product_brand":[],"product_cat":[866,20],"product_tag":[],"class_list":{"0":"post-30133","1":"product","2":"type-product","3":"status-publish","4":"has-post-thumbnail","6":"product_cat-musas","7":"product_cat-vestidos-de-novia","9":"first","10":"instock","11":"taxable","12":"shipping-taxable","13":"product-type-simple"},"_links":{"self":[{"href":"https:\/\/silviafernandez.com\/fr\/wp-json\/wp\/v2\/product\/30133","targetHints":{"allow":["GET"]}}],"collection":[{"href":"https:\/\/silviafernandez.com\/fr\/wp-json\/wp\/v2\/product"}],"about":[{"href":"https:\/\/silviafernandez.com\/fr\/wp-json\/wp\/v2\/types\/product"}],"wp:featuredmedia":[{"embeddable":true,"href":"https:\/\/silviafernandez.com\/fr\/wp-json\/wp\/v2\/media\/30287"}],"wp:attachment":[{"href":"https:\/\/silviafernandez.com\/fr\/wp-json\/wp\/v2\/media?parent=30133"}],"wp:term":[{"taxonomy":"product_brand","embeddable":true,"href":"https:\/\/silviafernandez.com\/fr\/wp-json\/wp\/v2\/product_brand?post=30133"},{"taxonomy":"product_cat","embeddable":true,"href":"https:\/\/silviafernandez.com\/fr\/wp-json\/wp\/v2\/product_cat?post=30133"},{"taxonomy":"product_tag","embeddable":true,"href":"https:\/\/silviafernandez.com\/fr\/wp-json\/wp\/v2\/product_tag?post=30133"}],"curies":[{"name":"wp","href":"https:\/\/api.w.org\/{rel}","templated":true}]}}