{"id":30129,"date":"2024-09-02T20:00:17","date_gmt":"2024-09-02T18:00:17","guid":{"rendered":"https:\/\/silviafernandez.com\/?post_type=product&#038;p=30129"},"modified":"2025-12-03T12:23:59","modified_gmt":"2025-12-03T11:23:59","slug":"angeles","status":"publish","type":"product","link":"https:\/\/silviafernandez.com\/fr\/vestidos-de-novia\/musas\/angeles\/","title":{"rendered":"Angeles"},"content":{"rendered":"","protected":false},"excerpt":{"rendered":"<p>Angeles est r\u00e9alis\u00e9e en cr\u00eape et orn\u00e9e de n\u0153uds et de boutons bijoux, compl\u00e9t\u00e9s par des tombants en mousseline de soie. Son d\u00e9collet\u00e9 original dans le dos apporte une touche unique et \u00e9l\u00e9gante, une robe sophistiqu\u00e9e et distinctive.<\/p>","protected":false},"featured_media":30282,"template":"","meta":[],"product_brand":[],"product_cat":[866,20],"product_tag":[],"class_list":{"0":"post-30129","1":"product","2":"type-product","3":"status-publish","4":"has-post-thumbnail","6":"product_cat-musas","7":"product_cat-vestidos-de-novia","9":"first","10":"instock","11":"taxable","12":"shipping-taxable","13":"product-type-simple"},"_links":{"self":[{"href":"https:\/\/silviafernandez.com\/fr\/wp-json\/wp\/v2\/product\/30129","targetHints":{"allow":["GET"]}}],"collection":[{"href":"https:\/\/silviafernandez.com\/fr\/wp-json\/wp\/v2\/product"}],"about":[{"href":"https:\/\/silviafernandez.com\/fr\/wp-json\/wp\/v2\/types\/product"}],"wp:featuredmedia":[{"embeddable":true,"href":"https:\/\/silviafernandez.com\/fr\/wp-json\/wp\/v2\/media\/30282"}],"wp:attachment":[{"href":"https:\/\/silviafernandez.com\/fr\/wp-json\/wp\/v2\/media?parent=30129"}],"wp:term":[{"taxonomy":"product_brand","embeddable":true,"href":"https:\/\/silviafernandez.com\/fr\/wp-json\/wp\/v2\/product_brand?post=30129"},{"taxonomy":"product_cat","embeddable":true,"href":"https:\/\/silviafernandez.com\/fr\/wp-json\/wp\/v2\/product_cat?post=30129"},{"taxonomy":"product_tag","embeddable":true,"href":"https:\/\/silviafernandez.com\/fr\/wp-json\/wp\/v2\/product_tag?post=30129"}],"curies":[{"name":"wp","href":"https:\/\/api.w.org\/{rel}","templated":true}]}}