{"id":30128,"date":"2024-09-02T20:00:16","date_gmt":"2024-09-02T18:00:16","guid":{"rendered":"https:\/\/silviafernandez.com\/?post_type=product&#038;p=30128"},"modified":"2025-12-03T12:23:59","modified_gmt":"2025-12-03T11:23:59","slug":"angela","status":"publish","type":"product","link":"https:\/\/silviafernandez.com\/fr\/vestidos-de-novia\/musas\/angela\/","title":{"rendered":"Angela"},"content":{"rendered":"","protected":false},"excerpt":{"rendered":"<p>Une robe de mari\u00e9e qui combine l'\u00e9l\u00e9gance du cr\u00eape avec un bol\u00e9ro et un surplis en mousseline de soie orn\u00e9 d'une guipure centrale. Un mod\u00e8le sophistiqu\u00e9 qui ajoute une touche distinctive et \u00e9l\u00e9gante \u00e0 votre journ\u00e9e sp\u00e9ciale.<\/p>","protected":false},"featured_media":30278,"template":"","meta":[],"product_brand":[],"product_cat":[866,20],"product_tag":[],"class_list":{"0":"post-30128","1":"product","2":"type-product","3":"status-publish","4":"has-post-thumbnail","6":"product_cat-musas","7":"product_cat-vestidos-de-novia","9":"first","10":"instock","11":"taxable","12":"shipping-taxable","13":"product-type-simple"},"_links":{"self":[{"href":"https:\/\/silviafernandez.com\/fr\/wp-json\/wp\/v2\/product\/30128","targetHints":{"allow":["GET"]}}],"collection":[{"href":"https:\/\/silviafernandez.com\/fr\/wp-json\/wp\/v2\/product"}],"about":[{"href":"https:\/\/silviafernandez.com\/fr\/wp-json\/wp\/v2\/types\/product"}],"wp:featuredmedia":[{"embeddable":true,"href":"https:\/\/silviafernandez.com\/fr\/wp-json\/wp\/v2\/media\/30278"}],"wp:attachment":[{"href":"https:\/\/silviafernandez.com\/fr\/wp-json\/wp\/v2\/media?parent=30128"}],"wp:term":[{"taxonomy":"product_brand","embeddable":true,"href":"https:\/\/silviafernandez.com\/fr\/wp-json\/wp\/v2\/product_brand?post=30128"},{"taxonomy":"product_cat","embeddable":true,"href":"https:\/\/silviafernandez.com\/fr\/wp-json\/wp\/v2\/product_cat?post=30128"},{"taxonomy":"product_tag","embeddable":true,"href":"https:\/\/silviafernandez.com\/fr\/wp-json\/wp\/v2\/product_tag?post=30128"}],"curies":[{"name":"wp","href":"https:\/\/api.w.org\/{rel}","templated":true}]}}