{"id":30126,"date":"2024-09-02T20:00:16","date_gmt":"2024-09-02T18:00:16","guid":{"rendered":"https:\/\/silviafernandez.com\/?post_type=product&#038;p=30126"},"modified":"2025-12-03T12:23:59","modified_gmt":"2025-12-03T11:23:59","slug":"anastasia","status":"publish","type":"product","link":"https:\/\/silviafernandez.com\/fr\/vestidos-de-novia\/musas\/anastasia\/","title":{"rendered":"Anastasia"},"content":{"rendered":"","protected":false},"excerpt":{"rendered":"<p>Anastasia allie cr\u00eape et satin \u00e0 un \u00e9l\u00e9gant drap\u00e9, avec une fente \u00e0 l'encolure, des manches bouffantes, des boutons d\u00e9licats et une ceinture qui souligne la taille. Une robe de mari\u00e9e pleine de d\u00e9tails avec une touche de modernit\u00e9.<\/p>","protected":false},"featured_media":30280,"template":"","meta":[],"product_brand":[],"product_cat":[866,20],"product_tag":[],"class_list":{"0":"post-30126","1":"product","2":"type-product","3":"status-publish","4":"has-post-thumbnail","6":"product_cat-musas","7":"product_cat-vestidos-de-novia","9":"first","10":"instock","11":"taxable","12":"shipping-taxable","13":"product-type-simple"},"_links":{"self":[{"href":"https:\/\/silviafernandez.com\/fr\/wp-json\/wp\/v2\/product\/30126","targetHints":{"allow":["GET"]}}],"collection":[{"href":"https:\/\/silviafernandez.com\/fr\/wp-json\/wp\/v2\/product"}],"about":[{"href":"https:\/\/silviafernandez.com\/fr\/wp-json\/wp\/v2\/types\/product"}],"wp:featuredmedia":[{"embeddable":true,"href":"https:\/\/silviafernandez.com\/fr\/wp-json\/wp\/v2\/media\/30280"}],"wp:attachment":[{"href":"https:\/\/silviafernandez.com\/fr\/wp-json\/wp\/v2\/media?parent=30126"}],"wp:term":[{"taxonomy":"product_brand","embeddable":true,"href":"https:\/\/silviafernandez.com\/fr\/wp-json\/wp\/v2\/product_brand?post=30126"},{"taxonomy":"product_cat","embeddable":true,"href":"https:\/\/silviafernandez.com\/fr\/wp-json\/wp\/v2\/product_cat?post=30126"},{"taxonomy":"product_tag","embeddable":true,"href":"https:\/\/silviafernandez.com\/fr\/wp-json\/wp\/v2\/product_tag?post=30126"}],"curies":[{"name":"wp","href":"https:\/\/api.w.org\/{rel}","templated":true}]}}