{"id":30116,"date":"2024-09-02T20:00:12","date_gmt":"2024-09-02T18:00:12","guid":{"rendered":"https:\/\/silviafernandez.com\/?post_type=product&#038;p=30116"},"modified":"2025-12-03T12:24:00","modified_gmt":"2025-12-03T11:24:00","slug":"ainhoa","status":"publish","type":"product","link":"https:\/\/silviafernandez.com\/fr\/vestidos-de-novia\/musas\/ainhoa\/","title":{"rendered":"Ainhoa"},"content":{"rendered":"","protected":false},"excerpt":{"rendered":"<p>Cette robe de mari\u00e9e combine un cr\u00eape fin avec une cape assortie et des d\u00e9tails en guipure, mettant en valeur un dos \u00e9poustouflant. El\u00e9gante et raffin\u00e9e, elle est parfaite pour cr\u00e9er un look de mari\u00e9e sophistiqu\u00e9 et m\u00e9morable.<\/p>","protected":false},"featured_media":30266,"template":"","meta":[],"product_brand":[],"product_cat":[866,20],"product_tag":[],"class_list":{"0":"post-30116","1":"product","2":"type-product","3":"status-publish","4":"has-post-thumbnail","6":"product_cat-musas","7":"product_cat-vestidos-de-novia","9":"first","10":"instock","11":"taxable","12":"shipping-taxable","13":"product-type-simple"},"_links":{"self":[{"href":"https:\/\/silviafernandez.com\/fr\/wp-json\/wp\/v2\/product\/30116","targetHints":{"allow":["GET"]}}],"collection":[{"href":"https:\/\/silviafernandez.com\/fr\/wp-json\/wp\/v2\/product"}],"about":[{"href":"https:\/\/silviafernandez.com\/fr\/wp-json\/wp\/v2\/types\/product"}],"wp:featuredmedia":[{"embeddable":true,"href":"https:\/\/silviafernandez.com\/fr\/wp-json\/wp\/v2\/media\/30266"}],"wp:attachment":[{"href":"https:\/\/silviafernandez.com\/fr\/wp-json\/wp\/v2\/media?parent=30116"}],"wp:term":[{"taxonomy":"product_brand","embeddable":true,"href":"https:\/\/silviafernandez.com\/fr\/wp-json\/wp\/v2\/product_brand?post=30116"},{"taxonomy":"product_cat","embeddable":true,"href":"https:\/\/silviafernandez.com\/fr\/wp-json\/wp\/v2\/product_cat?post=30116"},{"taxonomy":"product_tag","embeddable":true,"href":"https:\/\/silviafernandez.com\/fr\/wp-json\/wp\/v2\/product_tag?post=30116"}],"curies":[{"name":"wp","href":"https:\/\/api.w.org\/{rel}","templated":true}]}}