{"id":30111,"date":"2024-09-02T20:00:09","date_gmt":"2024-09-02T18:00:09","guid":{"rendered":"https:\/\/silviafernandez.com\/?post_type=product&#038;p=30111"},"modified":"2025-12-03T12:24:00","modified_gmt":"2025-12-03T11:24:00","slug":"adela","status":"publish","type":"product","link":"https:\/\/silviafernandez.com\/fr\/vestidos-de-novia\/musas\/adela\/","title":{"rendered":"Adela"},"content":{"rendered":"","protected":false},"excerpt":{"rendered":"<p>Adela se d\u00e9marque par son cr\u00eape \u00e9l\u00e9gant, orn\u00e9 de vagues de guipure \u00e0 l'encolure et aux poignets. Un mod\u00e8le simple mais sophistiqu\u00e9, id\u00e9al pour les mari\u00e9es modernes qui recherchent un style raffin\u00e9 avec des d\u00e9tails d\u00e9licats.<\/p>","protected":false},"featured_media":30260,"template":"","meta":[],"product_brand":[],"product_cat":[866,20],"product_tag":[],"class_list":{"0":"post-30111","1":"product","2":"type-product","3":"status-publish","4":"has-post-thumbnail","6":"product_cat-musas","7":"product_cat-vestidos-de-novia","9":"first","10":"instock","11":"taxable","12":"shipping-taxable","13":"product-type-simple"},"_links":{"self":[{"href":"https:\/\/silviafernandez.com\/fr\/wp-json\/wp\/v2\/product\/30111","targetHints":{"allow":["GET"]}}],"collection":[{"href":"https:\/\/silviafernandez.com\/fr\/wp-json\/wp\/v2\/product"}],"about":[{"href":"https:\/\/silviafernandez.com\/fr\/wp-json\/wp\/v2\/types\/product"}],"wp:featuredmedia":[{"embeddable":true,"href":"https:\/\/silviafernandez.com\/fr\/wp-json\/wp\/v2\/media\/30260"}],"wp:attachment":[{"href":"https:\/\/silviafernandez.com\/fr\/wp-json\/wp\/v2\/media?parent=30111"}],"wp:term":[{"taxonomy":"product_brand","embeddable":true,"href":"https:\/\/silviafernandez.com\/fr\/wp-json\/wp\/v2\/product_brand?post=30111"},{"taxonomy":"product_cat","embeddable":true,"href":"https:\/\/silviafernandez.com\/fr\/wp-json\/wp\/v2\/product_cat?post=30111"},{"taxonomy":"product_tag","embeddable":true,"href":"https:\/\/silviafernandez.com\/fr\/wp-json\/wp\/v2\/product_tag?post=30111"}],"curies":[{"name":"wp","href":"https:\/\/api.w.org\/{rel}","templated":true}]}}