{"id":30110,"date":"2024-09-02T20:00:07","date_gmt":"2024-09-02T18:00:07","guid":{"rendered":"https:\/\/silviafernandez.com\/?post_type=product&#038;p=30110"},"modified":"2025-12-03T12:24:00","modified_gmt":"2025-12-03T11:24:00","slug":"acapulco","status":"publish","type":"product","link":"https:\/\/silviafernandez.com\/fr\/vestidos-de-novia\/musas\/acapulco\/","title":{"rendered":"Acapulco"},"content":{"rendered":"","protected":false},"excerpt":{"rendered":"<p>Acapulco allie la d\u00e9licatesse de la chantilly au charme de la guipure. Un mod\u00e8le \u00e9l\u00e9gant et sophistiqu\u00e9, id\u00e9al pour la mari\u00e9e qui recherche une touche de romantisme avec des d\u00e9tails artisanaux qui mettent en valeur sa silhouette. Parfait pour briller le votre grand jour.<\/p>","protected":false},"featured_media":30259,"template":"","meta":[],"product_brand":[],"product_cat":[866,20],"product_tag":[],"class_list":{"0":"post-30110","1":"product","2":"type-product","3":"status-publish","4":"has-post-thumbnail","6":"product_cat-musas","7":"product_cat-vestidos-de-novia","9":"first","10":"instock","11":"taxable","12":"shipping-taxable","13":"product-type-simple"},"_links":{"self":[{"href":"https:\/\/silviafernandez.com\/fr\/wp-json\/wp\/v2\/product\/30110","targetHints":{"allow":["GET"]}}],"collection":[{"href":"https:\/\/silviafernandez.com\/fr\/wp-json\/wp\/v2\/product"}],"about":[{"href":"https:\/\/silviafernandez.com\/fr\/wp-json\/wp\/v2\/types\/product"}],"wp:featuredmedia":[{"embeddable":true,"href":"https:\/\/silviafernandez.com\/fr\/wp-json\/wp\/v2\/media\/30259"}],"wp:attachment":[{"href":"https:\/\/silviafernandez.com\/fr\/wp-json\/wp\/v2\/media?parent=30110"}],"wp:term":[{"taxonomy":"product_brand","embeddable":true,"href":"https:\/\/silviafernandez.com\/fr\/wp-json\/wp\/v2\/product_brand?post=30110"},{"taxonomy":"product_cat","embeddable":true,"href":"https:\/\/silviafernandez.com\/fr\/wp-json\/wp\/v2\/product_cat?post=30110"},{"taxonomy":"product_tag","embeddable":true,"href":"https:\/\/silviafernandez.com\/fr\/wp-json\/wp\/v2\/product_tag?post=30110"}],"curies":[{"name":"wp","href":"https:\/\/api.w.org\/{rel}","templated":true}]}}