{"id":29785,"date":"2024-07-12T15:38:54","date_gmt":"2024-07-12T13:38:54","guid":{"rendered":"https:\/\/silviafernandez.com\/?post_type=product&#038;p=29785"},"modified":"2025-12-03T12:24:00","modified_gmt":"2025-12-03T11:24:00","slug":"atenas","status":"publish","type":"product","link":"https:\/\/silviafernandez.com\/fr\/vestidos-de-novia\/musas\/atenas\/","title":{"rendered":"Atenas"},"content":{"rendered":"","protected":false},"excerpt":{"rendered":"<p>Atenas est le mod\u00e8le choisi par l'influenceuse Noelia Bonilla pour sa jour le plus sp\u00e9cial.<br \/>\nCette incroyable robe de mari\u00e9e en cr\u00eape est dot\u00e9e d'une encolure cygne en guipure ton sur ton et d'un superbe d\u00e9collet\u00e9 dans le dos. Elle est compl\u00e9t\u00e9e par une cape en mousseline de soie avec des d\u00e9tails en guipure \u00e0 l'ourlet.<\/p>","protected":false},"featured_media":29786,"template":"","meta":[],"product_brand":[],"product_cat":[866,20],"product_tag":[],"class_list":{"0":"post-29785","1":"product","2":"type-product","3":"status-publish","4":"has-post-thumbnail","6":"product_cat-musas","7":"product_cat-vestidos-de-novia","9":"first","10":"instock","11":"taxable","12":"shipping-taxable","13":"product-type-simple"},"_links":{"self":[{"href":"https:\/\/silviafernandez.com\/fr\/wp-json\/wp\/v2\/product\/29785","targetHints":{"allow":["GET"]}}],"collection":[{"href":"https:\/\/silviafernandez.com\/fr\/wp-json\/wp\/v2\/product"}],"about":[{"href":"https:\/\/silviafernandez.com\/fr\/wp-json\/wp\/v2\/types\/product"}],"wp:featuredmedia":[{"embeddable":true,"href":"https:\/\/silviafernandez.com\/fr\/wp-json\/wp\/v2\/media\/29786"}],"wp:attachment":[{"href":"https:\/\/silviafernandez.com\/fr\/wp-json\/wp\/v2\/media?parent=29785"}],"wp:term":[{"taxonomy":"product_brand","embeddable":true,"href":"https:\/\/silviafernandez.com\/fr\/wp-json\/wp\/v2\/product_brand?post=29785"},{"taxonomy":"product_cat","embeddable":true,"href":"https:\/\/silviafernandez.com\/fr\/wp-json\/wp\/v2\/product_cat?post=29785"},{"taxonomy":"product_tag","embeddable":true,"href":"https:\/\/silviafernandez.com\/fr\/wp-json\/wp\/v2\/product_tag?post=29785"}],"curies":[{"name":"wp","href":"https:\/\/api.w.org\/{rel}","templated":true}]}}