{"id":28900,"date":"2024-05-29T13:39:24","date_gmt":"2024-05-29T11:39:24","guid":{"rendered":"https:\/\/silviafernandez.com\/?post_type=product&#038;p=28900"},"modified":"2025-12-03T12:24:00","modified_gmt":"2025-12-03T11:24:00","slug":"benito","status":"publish","type":"product","link":"https:\/\/silviafernandez.com\/fr\/vestidos-de-fiesta\/benito\/","title":{"rendered":"Benito"},"content":{"rendered":"","protected":false},"excerpt":{"rendered":"<p>\u00c9blouissez lors de tout \u00e9v\u00e9nement sp\u00e9cial avec cette \u00e9l\u00e9gante jupe en jacquard avec volant central sur le devant et gilet asym\u00e9trique en cr\u00eape, de couleur ivoire. Le look de la maman d'Elena Benito lors de sa premi\u00e8re communion a fait fureur.<br \/>\nId\u00e9ale pour tout \u00e9v\u00e9nement sp\u00e9cial, elle allie sophistication et modernit\u00e9, offrant une coupe parfaite et un style chic et contemporain.<\/p>","protected":false},"featured_media":28911,"template":"","meta":[],"product_brand":[],"product_cat":[139],"product_tag":[],"class_list":{"0":"post-28900","1":"product","2":"type-product","3":"status-publish","4":"has-post-thumbnail","6":"product_cat-vestidos-de-fiesta","8":"first","9":"instock","10":"taxable","11":"shipping-taxable","12":"purchasable","13":"product-type-variable"},"_links":{"self":[{"href":"https:\/\/silviafernandez.com\/fr\/wp-json\/wp\/v2\/product\/28900","targetHints":{"allow":["GET"]}}],"collection":[{"href":"https:\/\/silviafernandez.com\/fr\/wp-json\/wp\/v2\/product"}],"about":[{"href":"https:\/\/silviafernandez.com\/fr\/wp-json\/wp\/v2\/types\/product"}],"wp:featuredmedia":[{"embeddable":true,"href":"https:\/\/silviafernandez.com\/fr\/wp-json\/wp\/v2\/media\/28911"}],"wp:attachment":[{"href":"https:\/\/silviafernandez.com\/fr\/wp-json\/wp\/v2\/media?parent=28900"}],"wp:term":[{"taxonomy":"product_brand","embeddable":true,"href":"https:\/\/silviafernandez.com\/fr\/wp-json\/wp\/v2\/product_brand?post=28900"},{"taxonomy":"product_cat","embeddable":true,"href":"https:\/\/silviafernandez.com\/fr\/wp-json\/wp\/v2\/product_cat?post=28900"},{"taxonomy":"product_tag","embeddable":true,"href":"https:\/\/silviafernandez.com\/fr\/wp-json\/wp\/v2\/product_tag?post=28900"}],"curies":[{"name":"wp","href":"https:\/\/api.w.org\/{rel}","templated":true}]}}