{"id":27354,"date":"2024-04-01T14:08:01","date_gmt":"2024-04-01T12:08:01","guid":{"rendered":"https:\/\/silviafernandez.com\/sin%20categor\u00eda\/azahar\/"},"modified":"2025-12-03T12:24:01","modified_gmt":"2025-12-03T11:24:01","slug":"azahar","status":"publish","type":"product","link":"https:\/\/silviafernandez.com\/fr\/vestidos-de-novia\/musas\/azahar\/","title":{"rendered":"Azahar"},"content":{"rendered":"","protected":false},"excerpt":{"rendered":"<p>Robe de mari\u00e9e et cape en cr\u00eape, orn\u00e9e d'une guipure exquise et d'une \u00e9l\u00e9gante encolure de cygne. Une fois la cape retir\u00e9e, vous d\u00e9couvrirez un dos ouvert qui ajoute une touche de sensualit\u00e9 et de glamour, rehaussant encore l'impact de ce look de mari\u00e9e.<\/p>","protected":false},"featured_media":27567,"template":"","meta":[],"product_brand":[],"product_cat":[866,20],"product_tag":[],"class_list":{"0":"post-27354","1":"product","2":"type-product","3":"status-publish","4":"has-post-thumbnail","6":"product_cat-musas","7":"product_cat-vestidos-de-novia","9":"first","10":"instock","11":"taxable","12":"shipping-taxable","13":"product-type-simple"},"_links":{"self":[{"href":"https:\/\/silviafernandez.com\/fr\/wp-json\/wp\/v2\/product\/27354","targetHints":{"allow":["GET"]}}],"collection":[{"href":"https:\/\/silviafernandez.com\/fr\/wp-json\/wp\/v2\/product"}],"about":[{"href":"https:\/\/silviafernandez.com\/fr\/wp-json\/wp\/v2\/types\/product"}],"wp:featuredmedia":[{"embeddable":true,"href":"https:\/\/silviafernandez.com\/fr\/wp-json\/wp\/v2\/media\/27567"}],"wp:attachment":[{"href":"https:\/\/silviafernandez.com\/fr\/wp-json\/wp\/v2\/media?parent=27354"}],"wp:term":[{"taxonomy":"product_brand","embeddable":true,"href":"https:\/\/silviafernandez.com\/fr\/wp-json\/wp\/v2\/product_brand?post=27354"},{"taxonomy":"product_cat","embeddable":true,"href":"https:\/\/silviafernandez.com\/fr\/wp-json\/wp\/v2\/product_cat?post=27354"},{"taxonomy":"product_tag","embeddable":true,"href":"https:\/\/silviafernandez.com\/fr\/wp-json\/wp\/v2\/product_tag?post=27354"}],"curies":[{"name":"wp","href":"https:\/\/api.w.org\/{rel}","templated":true}]}}