{"id":27351,"date":"2024-04-01T14:07:52","date_gmt":"2024-04-01T12:07:52","guid":{"rendered":"https:\/\/silviafernandez.com\/sin%20categor\u00eda\/aurea\/"},"modified":"2025-12-03T12:24:01","modified_gmt":"2025-12-03T11:24:01","slug":"aurea","status":"publish","type":"product","link":"https:\/\/silviafernandez.com\/fr\/vestidos-de-novia\/musas\/aurea\/","title":{"rendered":"Aurea"},"content":{"rendered":"","protected":false},"excerpt":{"rendered":"<p>Robe de mari\u00e9e en cr\u00eape qui allie \u00e9l\u00e9gance et originalit\u00e9 dans les moindres d\u00e9tails. Avec une cape en mousseline de soie peinte \u00e0 la main, \u00e9pousant le cou en forme de chocker, elle offre une touche unique et sp\u00e9ciale qui la distingue des autres.<br \/>\nSes manches et son dos ouvert ajoutent un air de sophistication, cr\u00e9ant un look captivant.<\/p>","protected":false},"featured_media":27571,"template":"","meta":[],"product_brand":[],"product_cat":[866,20],"product_tag":[],"class_list":{"0":"post-27351","1":"product","2":"type-product","3":"status-publish","4":"has-post-thumbnail","6":"product_cat-musas","7":"product_cat-vestidos-de-novia","9":"first","10":"instock","11":"taxable","12":"shipping-taxable","13":"product-type-simple"},"_links":{"self":[{"href":"https:\/\/silviafernandez.com\/fr\/wp-json\/wp\/v2\/product\/27351","targetHints":{"allow":["GET"]}}],"collection":[{"href":"https:\/\/silviafernandez.com\/fr\/wp-json\/wp\/v2\/product"}],"about":[{"href":"https:\/\/silviafernandez.com\/fr\/wp-json\/wp\/v2\/types\/product"}],"wp:featuredmedia":[{"embeddable":true,"href":"https:\/\/silviafernandez.com\/fr\/wp-json\/wp\/v2\/media\/27571"}],"wp:attachment":[{"href":"https:\/\/silviafernandez.com\/fr\/wp-json\/wp\/v2\/media?parent=27351"}],"wp:term":[{"taxonomy":"product_brand","embeddable":true,"href":"https:\/\/silviafernandez.com\/fr\/wp-json\/wp\/v2\/product_brand?post=27351"},{"taxonomy":"product_cat","embeddable":true,"href":"https:\/\/silviafernandez.com\/fr\/wp-json\/wp\/v2\/product_cat?post=27351"},{"taxonomy":"product_tag","embeddable":true,"href":"https:\/\/silviafernandez.com\/fr\/wp-json\/wp\/v2\/product_tag?post=27351"}],"curies":[{"name":"wp","href":"https:\/\/api.w.org\/{rel}","templated":true}]}}