{"id":27348,"date":"2024-04-01T14:07:43","date_gmt":"2024-04-01T12:07:43","guid":{"rendered":"https:\/\/silviafernandez.com\/sin%20categor\u00eda\/armenia\/"},"modified":"2025-12-03T12:24:01","modified_gmt":"2025-12-03T11:24:01","slug":"armenia","status":"publish","type":"product","link":"https:\/\/silviafernandez.com\/fr\/vestidos-de-novia\/musas\/armenia\/","title":{"rendered":"Armenia"},"content":{"rendered":"","protected":false},"excerpt":{"rendered":"<p>Robe de mari\u00e9e en cr\u00eape fin, accompagn\u00e9e d'un \u00e9l\u00e9gant bol\u00e9ro et d'un surplis en mousseline de soie orn\u00e9 d'une d\u00e9licate vague brod\u00e9e. Chaque d\u00e9tail, du col aux manches, a \u00e9t\u00e9 soigneusement brod\u00e9 \u00e0 la main, cr\u00e9ant une pi\u00e8ce unique qui refl\u00e8te l'essence m\u00eame de l'\u00e9l\u00e9gance artisanale.<br \/>\nLes d\u00e9tails du col et des manches ajoutent une touche de sophistication et de charme.<\/p>","protected":false},"featured_media":27563,"template":"","meta":[],"product_brand":[],"product_cat":[866,20],"product_tag":[],"class_list":{"0":"post-27348","1":"product","2":"type-product","3":"status-publish","4":"has-post-thumbnail","6":"product_cat-musas","7":"product_cat-vestidos-de-novia","9":"first","10":"instock","11":"taxable","12":"shipping-taxable","13":"product-type-simple"},"_links":{"self":[{"href":"https:\/\/silviafernandez.com\/fr\/wp-json\/wp\/v2\/product\/27348","targetHints":{"allow":["GET"]}}],"collection":[{"href":"https:\/\/silviafernandez.com\/fr\/wp-json\/wp\/v2\/product"}],"about":[{"href":"https:\/\/silviafernandez.com\/fr\/wp-json\/wp\/v2\/types\/product"}],"wp:featuredmedia":[{"embeddable":true,"href":"https:\/\/silviafernandez.com\/fr\/wp-json\/wp\/v2\/media\/27563"}],"wp:attachment":[{"href":"https:\/\/silviafernandez.com\/fr\/wp-json\/wp\/v2\/media?parent=27348"}],"wp:term":[{"taxonomy":"product_brand","embeddable":true,"href":"https:\/\/silviafernandez.com\/fr\/wp-json\/wp\/v2\/product_brand?post=27348"},{"taxonomy":"product_cat","embeddable":true,"href":"https:\/\/silviafernandez.com\/fr\/wp-json\/wp\/v2\/product_cat?post=27348"},{"taxonomy":"product_tag","embeddable":true,"href":"https:\/\/silviafernandez.com\/fr\/wp-json\/wp\/v2\/product_tag?post=27348"}],"curies":[{"name":"wp","href":"https:\/\/api.w.org\/{rel}","templated":true}]}}