{"id":27346,"date":"2024-04-01T14:07:36","date_gmt":"2024-04-01T12:07:36","guid":{"rendered":"https:\/\/silviafernandez.com\/sin%20categor\u00eda\/ari\/"},"modified":"2025-12-03T12:24:01","modified_gmt":"2025-12-03T11:24:01","slug":"ari","status":"publish","type":"product","link":"https:\/\/silviafernandez.com\/fr\/vestidos-de-novia\/musas\/ari\/","title":{"rendered":"Ari"},"content":{"rendered":"","protected":false},"excerpt":{"rendered":"<p>Robe de mari\u00e9e en mousseline et cape avec d\u00e9tails en guipour. La d\u00e9licatesse de la mousseline est associ\u00e9e \u00e0 la sophistication du guipour, cr\u00e9ant un look qui captive les sens.<br \/>\nLe dos \u00e9chancr\u00e9 et les d\u00e9tails soigneusement \u00e9labor\u00e9s ajoutent une touche de distinction, rendant cette robe vraiment sp\u00e9ciale pour chaque mari\u00e9e qui la porte.<\/p>","protected":false},"featured_media":27561,"template":"","meta":[],"product_brand":[],"product_cat":[866,20],"product_tag":[],"class_list":{"0":"post-27346","1":"product","2":"type-product","3":"status-publish","4":"has-post-thumbnail","6":"product_cat-musas","7":"product_cat-vestidos-de-novia","9":"first","10":"instock","11":"taxable","12":"shipping-taxable","13":"product-type-simple"},"_links":{"self":[{"href":"https:\/\/silviafernandez.com\/fr\/wp-json\/wp\/v2\/product\/27346","targetHints":{"allow":["GET"]}}],"collection":[{"href":"https:\/\/silviafernandez.com\/fr\/wp-json\/wp\/v2\/product"}],"about":[{"href":"https:\/\/silviafernandez.com\/fr\/wp-json\/wp\/v2\/types\/product"}],"wp:featuredmedia":[{"embeddable":true,"href":"https:\/\/silviafernandez.com\/fr\/wp-json\/wp\/v2\/media\/27561"}],"wp:attachment":[{"href":"https:\/\/silviafernandez.com\/fr\/wp-json\/wp\/v2\/media?parent=27346"}],"wp:term":[{"taxonomy":"product_brand","embeddable":true,"href":"https:\/\/silviafernandez.com\/fr\/wp-json\/wp\/v2\/product_brand?post=27346"},{"taxonomy":"product_cat","embeddable":true,"href":"https:\/\/silviafernandez.com\/fr\/wp-json\/wp\/v2\/product_cat?post=27346"},{"taxonomy":"product_tag","embeddable":true,"href":"https:\/\/silviafernandez.com\/fr\/wp-json\/wp\/v2\/product_tag?post=27346"}],"curies":[{"name":"wp","href":"https:\/\/api.w.org\/{rel}","templated":true}]}}