{"id":27342,"date":"2024-04-01T14:07:23","date_gmt":"2024-04-01T12:07:23","guid":{"rendered":"https:\/\/silviafernandez.com\/sin%20categor\u00eda\/aran\/"},"modified":"2025-12-03T12:24:01","modified_gmt":"2025-12-03T11:24:01","slug":"aran","status":"publish","type":"product","link":"https:\/\/silviafernandez.com\/fr\/vestidos-de-novia\/musas\/aran\/","title":{"rendered":"Aran"},"content":{"rendered":"","protected":false},"excerpt":{"rendered":"<p>Aran, r\u00e9alis\u00e9e en cr\u00eape, offre une fusion parfaite entre l'\u00e9l\u00e9gance classique et le design boh\u00e8me, cr\u00e9ant ainsi un style unique. Les manches d\u00e9licates et la superposition de mousseline de soie et de tulle brod\u00e9 ajoutent une touche de romantisme et de l\u00e9g\u00e8ret\u00e9 \u00e0 cette robe, ce qui en fait un choix id\u00e9al pour les mari\u00e9es \u00e0 la recherche d'un style distinctif et sophistiqu\u00e9. Ce m\u00e9lange de textures et de d\u00e9tails cr\u00e9e un \u00e9quilibre harmonieux qui s\u00e9duit.<\/p>","protected":false},"featured_media":27557,"template":"","meta":[],"product_brand":[],"product_cat":[866,20],"product_tag":[],"class_list":{"0":"post-27342","1":"product","2":"type-product","3":"status-publish","4":"has-post-thumbnail","6":"product_cat-musas","7":"product_cat-vestidos-de-novia","9":"first","10":"instock","11":"taxable","12":"shipping-taxable","13":"product-type-simple"},"_links":{"self":[{"href":"https:\/\/silviafernandez.com\/fr\/wp-json\/wp\/v2\/product\/27342","targetHints":{"allow":["GET"]}}],"collection":[{"href":"https:\/\/silviafernandez.com\/fr\/wp-json\/wp\/v2\/product"}],"about":[{"href":"https:\/\/silviafernandez.com\/fr\/wp-json\/wp\/v2\/types\/product"}],"wp:featuredmedia":[{"embeddable":true,"href":"https:\/\/silviafernandez.com\/fr\/wp-json\/wp\/v2\/media\/27557"}],"wp:attachment":[{"href":"https:\/\/silviafernandez.com\/fr\/wp-json\/wp\/v2\/media?parent=27342"}],"wp:term":[{"taxonomy":"product_brand","embeddable":true,"href":"https:\/\/silviafernandez.com\/fr\/wp-json\/wp\/v2\/product_brand?post=27342"},{"taxonomy":"product_cat","embeddable":true,"href":"https:\/\/silviafernandez.com\/fr\/wp-json\/wp\/v2\/product_cat?post=27342"},{"taxonomy":"product_tag","embeddable":true,"href":"https:\/\/silviafernandez.com\/fr\/wp-json\/wp\/v2\/product_tag?post=27342"}],"curies":[{"name":"wp","href":"https:\/\/api.w.org\/{rel}","templated":true}]}}