{"id":27340,"date":"2024-04-01T14:07:17","date_gmt":"2024-04-01T12:07:17","guid":{"rendered":"https:\/\/silviafernandez.com\/sin%20categor\u00eda\/ara\/"},"modified":"2025-12-03T12:24:02","modified_gmt":"2025-12-03T11:24:02","slug":"ara","status":"publish","type":"product","link":"https:\/\/silviafernandez.com\/fr\/vestidos-de-novia\/musas\/ara\/","title":{"rendered":"Ara"},"content":{"rendered":"","protected":false},"excerpt":{"rendered":"<p>Cette robe de mari\u00e9e en cr\u00eape se distingue par son originalit\u00e9. Elle est agr\u00e9ment\u00e9e d'un charmant volant dans le bas, qui apporte une touche de mouvement et d'\u00e9l\u00e9gance. La jupe \u00e0 n\u0153uds et les chutes en taffetas ajoutent un d\u00e9tail suppl\u00e9mentaire de sophistication et de distinction.<\/p>","protected":false},"featured_media":27555,"template":"","meta":[],"product_brand":[],"product_cat":[866,20],"product_tag":[],"class_list":{"0":"post-27340","1":"product","2":"type-product","3":"status-publish","4":"has-post-thumbnail","6":"product_cat-musas","7":"product_cat-vestidos-de-novia","9":"first","10":"instock","11":"taxable","12":"shipping-taxable","13":"product-type-simple"},"_links":{"self":[{"href":"https:\/\/silviafernandez.com\/fr\/wp-json\/wp\/v2\/product\/27340","targetHints":{"allow":["GET"]}}],"collection":[{"href":"https:\/\/silviafernandez.com\/fr\/wp-json\/wp\/v2\/product"}],"about":[{"href":"https:\/\/silviafernandez.com\/fr\/wp-json\/wp\/v2\/types\/product"}],"wp:featuredmedia":[{"embeddable":true,"href":"https:\/\/silviafernandez.com\/fr\/wp-json\/wp\/v2\/media\/27555"}],"wp:attachment":[{"href":"https:\/\/silviafernandez.com\/fr\/wp-json\/wp\/v2\/media?parent=27340"}],"wp:term":[{"taxonomy":"product_brand","embeddable":true,"href":"https:\/\/silviafernandez.com\/fr\/wp-json\/wp\/v2\/product_brand?post=27340"},{"taxonomy":"product_cat","embeddable":true,"href":"https:\/\/silviafernandez.com\/fr\/wp-json\/wp\/v2\/product_cat?post=27340"},{"taxonomy":"product_tag","embeddable":true,"href":"https:\/\/silviafernandez.com\/fr\/wp-json\/wp\/v2\/product_tag?post=27340"}],"curies":[{"name":"wp","href":"https:\/\/api.w.org\/{rel}","templated":true}]}}