{"id":27339,"date":"2024-04-01T14:07:14","date_gmt":"2024-04-01T12:07:14","guid":{"rendered":"https:\/\/silviafernandez.com\/sin%20categor\u00eda\/ania\/"},"modified":"2025-12-03T12:24:02","modified_gmt":"2025-12-03T11:24:02","slug":"ania","status":"publish","type":"product","link":"https:\/\/silviafernandez.com\/fr\/vestidos-de-novia\/musas\/ania\/","title":{"rendered":"Ania"},"content":{"rendered":"","protected":false},"excerpt":{"rendered":"<p>Confectionn\u00e9e en mousseline de soie douce, elle constitue un choix parfait pour la mari\u00e9e qui souhaite s\u00e9duire par son style unique. Le drap\u00e9 d\u00e9licat au dos, \u00e0 la taille et aux poignets ajoute une touche d'\u00e9l\u00e9gance et de sophistication. Captiver est simple lorsque le choix est bon, et cette robe fera tourner les t\u00eates lors de votre journ\u00e9e sp\u00e9ciale.<\/p>","protected":false},"featured_media":27553,"template":"","meta":[],"product_brand":[],"product_cat":[866,20],"product_tag":[],"class_list":{"0":"post-27339","1":"product","2":"type-product","3":"status-publish","4":"has-post-thumbnail","6":"product_cat-musas","7":"product_cat-vestidos-de-novia","9":"first","10":"instock","11":"taxable","12":"shipping-taxable","13":"product-type-simple"},"_links":{"self":[{"href":"https:\/\/silviafernandez.com\/fr\/wp-json\/wp\/v2\/product\/27339","targetHints":{"allow":["GET"]}}],"collection":[{"href":"https:\/\/silviafernandez.com\/fr\/wp-json\/wp\/v2\/product"}],"about":[{"href":"https:\/\/silviafernandez.com\/fr\/wp-json\/wp\/v2\/types\/product"}],"wp:featuredmedia":[{"embeddable":true,"href":"https:\/\/silviafernandez.com\/fr\/wp-json\/wp\/v2\/media\/27553"}],"wp:attachment":[{"href":"https:\/\/silviafernandez.com\/fr\/wp-json\/wp\/v2\/media?parent=27339"}],"wp:term":[{"taxonomy":"product_brand","embeddable":true,"href":"https:\/\/silviafernandez.com\/fr\/wp-json\/wp\/v2\/product_brand?post=27339"},{"taxonomy":"product_cat","embeddable":true,"href":"https:\/\/silviafernandez.com\/fr\/wp-json\/wp\/v2\/product_cat?post=27339"},{"taxonomy":"product_tag","embeddable":true,"href":"https:\/\/silviafernandez.com\/fr\/wp-json\/wp\/v2\/product_tag?post=27339"}],"curies":[{"name":"wp","href":"https:\/\/api.w.org\/{rel}","templated":true}]}}