{"id":27336,"date":"2024-04-01T14:07:04","date_gmt":"2024-04-01T12:07:04","guid":{"rendered":"https:\/\/silviafernandez.com\/sin%20categor\u00eda\/analia\/"},"modified":"2025-12-03T12:24:02","modified_gmt":"2025-12-03T11:24:02","slug":"analia","status":"publish","type":"product","link":"https:\/\/silviafernandez.com\/fr\/vestidos-de-novia\/musas\/analia\/","title":{"rendered":"Analia"},"content":{"rendered":"","protected":false},"excerpt":{"rendered":"<p>Confectionn\u00e9e en cr\u00eape, cette robe allie \u00e9l\u00e9gance classique et d\u00e9tails spectaculaires. Le d\u00e9licat surplis ajoute une touche de gr\u00e2ce et de mouvement, tandis que les fleurs en 3D dans le dos et les boutons orn\u00e9s de pierres pr\u00e9cieuses ajoutent un \u00e9clat subtil mais \u00e9blouissant. Ce mod\u00e8le est parfait pour les mari\u00e9es plus classiques qui souhaitent une robe simple avec des d\u00e9tails extraordinaires.<\/p>","protected":false},"featured_media":27550,"template":"","meta":[],"product_brand":[],"product_cat":[866,20],"product_tag":[],"class_list":{"0":"post-27336","1":"product","2":"type-product","3":"status-publish","4":"has-post-thumbnail","6":"product_cat-musas","7":"product_cat-vestidos-de-novia","9":"first","10":"instock","11":"taxable","12":"shipping-taxable","13":"product-type-simple"},"_links":{"self":[{"href":"https:\/\/silviafernandez.com\/fr\/wp-json\/wp\/v2\/product\/27336","targetHints":{"allow":["GET"]}}],"collection":[{"href":"https:\/\/silviafernandez.com\/fr\/wp-json\/wp\/v2\/product"}],"about":[{"href":"https:\/\/silviafernandez.com\/fr\/wp-json\/wp\/v2\/types\/product"}],"wp:featuredmedia":[{"embeddable":true,"href":"https:\/\/silviafernandez.com\/fr\/wp-json\/wp\/v2\/media\/27550"}],"wp:attachment":[{"href":"https:\/\/silviafernandez.com\/fr\/wp-json\/wp\/v2\/media?parent=27336"}],"wp:term":[{"taxonomy":"product_brand","embeddable":true,"href":"https:\/\/silviafernandez.com\/fr\/wp-json\/wp\/v2\/product_brand?post=27336"},{"taxonomy":"product_cat","embeddable":true,"href":"https:\/\/silviafernandez.com\/fr\/wp-json\/wp\/v2\/product_cat?post=27336"},{"taxonomy":"product_tag","embeddable":true,"href":"https:\/\/silviafernandez.com\/fr\/wp-json\/wp\/v2\/product_tag?post=27336"}],"curies":[{"name":"wp","href":"https:\/\/api.w.org\/{rel}","templated":true}]}}