{"id":27334,"date":"2024-04-01T14:06:58","date_gmt":"2024-04-01T12:06:58","guid":{"rendered":"https:\/\/silviafernandez.com\/sin%20categor\u00eda\/anabel\/"},"modified":"2025-12-03T12:24:02","modified_gmt":"2025-12-03T11:24:02","slug":"anabel","status":"publish","type":"product","link":"https:\/\/silviafernandez.com\/fr\/vestidos-de-novia\/musas\/anabel\/","title":{"rendered":"Anabel"},"content":{"rendered":"","protected":false},"excerpt":{"rendered":"<p>Une robe de mari\u00e9e qui allie \u00e9l\u00e9gance et originalit\u00e9 pour cr\u00e9er un look unique. La chemise en bambou brod\u00e9e ajoute un charme artisanal, tandis que le haut et la jupe en cr\u00eape ajoutent de l'\u00e9l\u00e9gance et du style.<br \/>\nLa combinaison des tissus et des d\u00e9tails cr\u00e9e un \u00e9quilibre harmonieux qui capture l'essence de l'individualit\u00e9 et de la beaut\u00e9 unique de chaque mari\u00e9e.<\/p>","protected":false},"featured_media":27546,"template":"","meta":[],"product_brand":[],"product_cat":[866,20],"product_tag":[],"class_list":{"0":"post-27334","1":"product","2":"type-product","3":"status-publish","4":"has-post-thumbnail","6":"product_cat-musas","7":"product_cat-vestidos-de-novia","9":"first","10":"instock","11":"taxable","12":"shipping-taxable","13":"product-type-simple"},"_links":{"self":[{"href":"https:\/\/silviafernandez.com\/fr\/wp-json\/wp\/v2\/product\/27334","targetHints":{"allow":["GET"]}}],"collection":[{"href":"https:\/\/silviafernandez.com\/fr\/wp-json\/wp\/v2\/product"}],"about":[{"href":"https:\/\/silviafernandez.com\/fr\/wp-json\/wp\/v2\/types\/product"}],"wp:featuredmedia":[{"embeddable":true,"href":"https:\/\/silviafernandez.com\/fr\/wp-json\/wp\/v2\/media\/27546"}],"wp:attachment":[{"href":"https:\/\/silviafernandez.com\/fr\/wp-json\/wp\/v2\/media?parent=27334"}],"wp:term":[{"taxonomy":"product_brand","embeddable":true,"href":"https:\/\/silviafernandez.com\/fr\/wp-json\/wp\/v2\/product_brand?post=27334"},{"taxonomy":"product_cat","embeddable":true,"href":"https:\/\/silviafernandez.com\/fr\/wp-json\/wp\/v2\/product_cat?post=27334"},{"taxonomy":"product_tag","embeddable":true,"href":"https:\/\/silviafernandez.com\/fr\/wp-json\/wp\/v2\/product_tag?post=27334"}],"curies":[{"name":"wp","href":"https:\/\/api.w.org\/{rel}","templated":true}]}}