{"id":27325,"date":"2024-04-01T14:06:29","date_gmt":"2024-04-01T12:06:29","guid":{"rendered":"https:\/\/silviafernandez.com\/sin%20categor\u00eda\/altea\/"},"modified":"2025-12-03T12:24:03","modified_gmt":"2025-12-03T11:24:03","slug":"altea","status":"publish","type":"product","link":"https:\/\/silviafernandez.com\/fr\/vestidos-de-novia\/musas\/altea\/","title":{"rendered":"Altea"},"content":{"rendered":"","protected":false},"excerpt":{"rendered":"<p>La robe de mari\u00e9e en cr\u00eape se distingue par son fourreau d\u00e9coup\u00e9 \u00e0 l'emporte-pi\u00e8ce, ce qui en fait le choix id\u00e9al pour les mari\u00e9es les plus romantiques. La d\u00e9licatesse et l'\u00e9l\u00e9gance de ce fourreau ajoutent une touche de charme et de sophistication \u00e0 la robe, cr\u00e9ant ainsi un look de mari\u00e9e unique.<\/p>","protected":false},"featured_media":27528,"template":"","meta":[],"product_brand":[],"product_cat":[866,20],"product_tag":[],"class_list":{"0":"post-27325","1":"product","2":"type-product","3":"status-publish","4":"has-post-thumbnail","6":"product_cat-musas","7":"product_cat-vestidos-de-novia","9":"first","10":"instock","11":"taxable","12":"shipping-taxable","13":"product-type-simple"},"_links":{"self":[{"href":"https:\/\/silviafernandez.com\/fr\/wp-json\/wp\/v2\/product\/27325","targetHints":{"allow":["GET"]}}],"collection":[{"href":"https:\/\/silviafernandez.com\/fr\/wp-json\/wp\/v2\/product"}],"about":[{"href":"https:\/\/silviafernandez.com\/fr\/wp-json\/wp\/v2\/types\/product"}],"wp:featuredmedia":[{"embeddable":true,"href":"https:\/\/silviafernandez.com\/fr\/wp-json\/wp\/v2\/media\/27528"}],"wp:attachment":[{"href":"https:\/\/silviafernandez.com\/fr\/wp-json\/wp\/v2\/media?parent=27325"}],"wp:term":[{"taxonomy":"product_brand","embeddable":true,"href":"https:\/\/silviafernandez.com\/fr\/wp-json\/wp\/v2\/product_brand?post=27325"},{"taxonomy":"product_cat","embeddable":true,"href":"https:\/\/silviafernandez.com\/fr\/wp-json\/wp\/v2\/product_cat?post=27325"},{"taxonomy":"product_tag","embeddable":true,"href":"https:\/\/silviafernandez.com\/fr\/wp-json\/wp\/v2\/product_tag?post=27325"}],"curies":[{"name":"wp","href":"https:\/\/api.w.org\/{rel}","templated":true}]}}