{"id":27324,"date":"2024-04-01T14:06:26","date_gmt":"2024-04-01T12:06:26","guid":{"rendered":"https:\/\/silviafernandez.com\/sin%20categor\u00eda\/alma\/"},"modified":"2025-12-03T12:24:03","modified_gmt":"2025-12-03T11:24:03","slug":"alma","status":"publish","type":"product","link":"https:\/\/silviafernandez.com\/fr\/vestidos-de-novia\/musas\/alma\/","title":{"rendered":"Alma"},"content":{"rendered":"","protected":false},"excerpt":{"rendered":"<p>Cette robe de mari\u00e9e est une option distinctive pour la mari\u00e9e moderne qui souhaite une touche unique pour sa grand jour. Confectionn\u00e9e en cr\u00eape, elle pr\u00e9sente un bol\u00e9ro distingu\u00e9 avec des d\u00e9tails perl\u00e9s sur les \u00e9paules, ajoutant une touche d'\u00e9clat et de sophistication. La queue de pie en mousseline de soie apporte la touche de mouvement parfaite \u00e0 ce look.<\/p>","protected":false},"featured_media":27527,"template":"","meta":[],"product_brand":[],"product_cat":[866,20],"product_tag":[],"class_list":{"0":"post-27324","1":"product","2":"type-product","3":"status-publish","4":"has-post-thumbnail","6":"product_cat-musas","7":"product_cat-vestidos-de-novia","9":"first","10":"instock","11":"taxable","12":"shipping-taxable","13":"product-type-simple"},"_links":{"self":[{"href":"https:\/\/silviafernandez.com\/fr\/wp-json\/wp\/v2\/product\/27324","targetHints":{"allow":["GET"]}}],"collection":[{"href":"https:\/\/silviafernandez.com\/fr\/wp-json\/wp\/v2\/product"}],"about":[{"href":"https:\/\/silviafernandez.com\/fr\/wp-json\/wp\/v2\/types\/product"}],"wp:featuredmedia":[{"embeddable":true,"href":"https:\/\/silviafernandez.com\/fr\/wp-json\/wp\/v2\/media\/27527"}],"wp:attachment":[{"href":"https:\/\/silviafernandez.com\/fr\/wp-json\/wp\/v2\/media?parent=27324"}],"wp:term":[{"taxonomy":"product_brand","embeddable":true,"href":"https:\/\/silviafernandez.com\/fr\/wp-json\/wp\/v2\/product_brand?post=27324"},{"taxonomy":"product_cat","embeddable":true,"href":"https:\/\/silviafernandez.com\/fr\/wp-json\/wp\/v2\/product_cat?post=27324"},{"taxonomy":"product_tag","embeddable":true,"href":"https:\/\/silviafernandez.com\/fr\/wp-json\/wp\/v2\/product_tag?post=27324"}],"curies":[{"name":"wp","href":"https:\/\/api.w.org\/{rel}","templated":true}]}}