{"id":27322,"date":"2024-04-01T14:06:19","date_gmt":"2024-04-01T12:06:19","guid":{"rendered":"https:\/\/silviafernandez.com\/sin%20categor\u00eda\/alegria\/"},"modified":"2025-12-03T12:24:03","modified_gmt":"2025-12-03T11:24:03","slug":"alegria","status":"publish","type":"product","link":"https:\/\/silviafernandez.com\/fr\/vestidos-de-novia\/musas\/alegria\/","title":{"rendered":"Alegria"},"content":{"rendered":"","protected":false},"excerpt":{"rendered":"<p>Cette robe de mari\u00e9e en cr\u00eape est le choix parfait pour la mari\u00e9e sophistiqu\u00e9e qui recherche une touche d'\u00e9l\u00e9gance unique. Elle comporte un surplis et un bol\u00e9ro en organza avec des d\u00e9tails en guipure. Les manches bouffantes et l'encolure chocker ajoutent une touche de sophistication et de glamour au look.<\/p>","protected":false},"featured_media":27525,"template":"","meta":[],"product_brand":[],"product_cat":[866,20],"product_tag":[],"class_list":{"0":"post-27322","1":"product","2":"type-product","3":"status-publish","4":"has-post-thumbnail","6":"product_cat-musas","7":"product_cat-vestidos-de-novia","9":"first","10":"instock","11":"taxable","12":"shipping-taxable","13":"product-type-simple"},"_links":{"self":[{"href":"https:\/\/silviafernandez.com\/fr\/wp-json\/wp\/v2\/product\/27322","targetHints":{"allow":["GET"]}}],"collection":[{"href":"https:\/\/silviafernandez.com\/fr\/wp-json\/wp\/v2\/product"}],"about":[{"href":"https:\/\/silviafernandez.com\/fr\/wp-json\/wp\/v2\/types\/product"}],"wp:featuredmedia":[{"embeddable":true,"href":"https:\/\/silviafernandez.com\/fr\/wp-json\/wp\/v2\/media\/27525"}],"wp:attachment":[{"href":"https:\/\/silviafernandez.com\/fr\/wp-json\/wp\/v2\/media?parent=27322"}],"wp:term":[{"taxonomy":"product_brand","embeddable":true,"href":"https:\/\/silviafernandez.com\/fr\/wp-json\/wp\/v2\/product_brand?post=27322"},{"taxonomy":"product_cat","embeddable":true,"href":"https:\/\/silviafernandez.com\/fr\/wp-json\/wp\/v2\/product_cat?post=27322"},{"taxonomy":"product_tag","embeddable":true,"href":"https:\/\/silviafernandez.com\/fr\/wp-json\/wp\/v2\/product_tag?post=27322"}],"curies":[{"name":"wp","href":"https:\/\/api.w.org\/{rel}","templated":true}]}}